{"id":1547,"date":"2025-08-05T11:30:50","date_gmt":"2025-08-05T08:30:50","guid":{"rendered":"https:\/\/www.gizir.com\/?post_type=product&#038;p=1547"},"modified":"2025-08-05T11:31:34","modified_gmt":"2025-08-05T08:31:34","slug":"0836-komol-yuzey-profilleri","status":"publish","type":"product","link":"https:\/\/www.gizir.com\/tr\/product\/0836-komol-yuzey-profilleri\/","title":{"rendered":"0836 \u2013 KOMOL \u2013 Y\u00dcZEY PROF\u0130LLER\u0130"},"content":{"rendered":"<p>Furnilux Siyah Masa, d\u00f6rt incelen ayakla desteklenen \u015f\u0131k yuvarlak bir \u00fcst y\u00fczeye sahip olup, her ya\u015fam alan\u0131na zarif bir dokunu\u015f katmaktad\u0131r. Sade ama \u00e7arp\u0131c\u0131 tasar\u0131m\u0131, \u00e7a\u011fda\u015fdan \u0130skandinav tarz\u0131na kadar \u00e7e\u015fitli i\u00e7 mekan stilleri i\u00e7in \u00e7ok y\u00f6nl\u00fc olmas\u0131n\u0131 sa\u011flar. Kompakt yemek alanlar\u0131 i\u00e7in veya \u015f\u0131k bir vurgu masas\u0131 olarak idealdir.<\/p>\n<p>&nbsp;<\/p>","protected":false},"excerpt":{"rendered":"<p>The Furnilux Black Table features a sleek round top supported by four tapered legs, adding an elegant touch to any living space. Its simple yet striking design makes it versatile for a variety of interior styles, from contemporary to Scandinavian. [&hellip;]<\/p>","protected":false},"featured_media":1548,"comment_status":"open","ping_status":"closed","template":"","meta":{"_acf_changed":false},"product_brand":[],"product_cat":[70],"product_tag":[],"class_list":{"0":"post-1547","1":"product","2":"type-product","3":"status-publish","4":"has-post-thumbnail","6":"product_cat-surface-profiles","8":"first","9":"instock","10":"shipping-taxable","11":"product-type-simple"},"acf":[],"_links":{"self":[{"href":"https:\/\/www.gizir.com\/tr\/wp-json\/wp\/v2\/product\/1547","targetHints":{"allow":["GET"]}}],"collection":[{"href":"https:\/\/www.gizir.com\/tr\/wp-json\/wp\/v2\/product"}],"about":[{"href":"https:\/\/www.gizir.com\/tr\/wp-json\/wp\/v2\/types\/product"}],"replies":[{"embeddable":true,"href":"https:\/\/www.gizir.com\/tr\/wp-json\/wp\/v2\/comments?post=1547"}],"wp:featuredmedia":[{"embeddable":true,"href":"https:\/\/www.gizir.com\/tr\/wp-json\/wp\/v2\/media\/1548"}],"wp:attachment":[{"href":"https:\/\/www.gizir.com\/tr\/wp-json\/wp\/v2\/media?parent=1547"}],"wp:term":[{"taxonomy":"product_brand","embeddable":true,"href":"https:\/\/www.gizir.com\/tr\/wp-json\/wp\/v2\/product_brand?post=1547"},{"taxonomy":"product_cat","embeddable":true,"href":"https:\/\/www.gizir.com\/tr\/wp-json\/wp\/v2\/product_cat?post=1547"},{"taxonomy":"product_tag","embeddable":true,"href":"https:\/\/www.gizir.com\/tr\/wp-json\/wp\/v2\/product_tag?post=1547"}],"curies":[{"name":"wp","href":"https:\/\/api.w.org\/{rel}","templated":true}]}}