{"id":1430,"date":"2025-08-01T08:15:33","date_gmt":"2025-08-01T08:15:33","guid":{"rendered":"https:\/\/www.gizir.com\/?post_type=product&#038;p=1430"},"modified":"2026-03-23T17:26:38","modified_gmt":"2026-03-23T14:26:38","slug":"1850-kamelya-kapi-profilleri","status":"publish","type":"product","link":"https:\/\/www.gizir.com\/tr\/product\/1850-kamelya-kapi-profilleri\/","title":{"rendered":"1850 \u2013 KAMELYA \u2013 KAPI PROF\u0130LLER\u0130"},"content":{"rendered":"<p>1850 Kamelya Kap\u0131 Profilleri, belirgin bir \u00e7izgi yap\u0131s\u0131 ve cesur bir tasar\u0131m diliyle dolap y\u00fczeylerinde daha ay\u0131rt edici ve g\u00f6z al\u0131c\u0131 tasar\u0131mlar olu\u015fturmak i\u00e7in geli\u015ftirilmi\u015f bir profil modelidir. MDF taban \u00fczerine uygulanan PVC kaplama, y\u00fczey b\u00fct\u00fcnl\u00fc\u011f\u00fcn\u00fc sa\u011flarken g\u00fcnl\u00fck a\u015f\u0131nma ve y\u0131pranmaya kar\u015f\u0131 dayan\u0131kl\u0131l\u0131k da sunar.<\/p>\n<p>Derinlik hissi yaratan profil tasar\u0131m\u0131, \u00f6zellikle geni\u015f ve d\u00fcz y\u00fczeylerde daha hacimli bir g\u00f6r\u00fcn\u00fcm elde edilmesine yard\u0131mc\u0131 olur. Mutfaklarda, banyolarda ve \u00e7e\u015fitli ya\u015fam alanlar\u0131ndaki dolap kapaklar\u0131nda kullan\u0131lan Kamelya modeli, dekoratif etkiyi art\u0131r\u0131rken y\u00fczeyde dengeli bir estetik sunar. Kolay temizlenebilir yap\u0131s\u0131 ve \u00e7e\u015fitli kaplama se\u00e7enekleriyle hem g\u00f6rsel olarak hem de kullan\u0131m kolayl\u0131\u011f\u0131 a\u00e7\u0131s\u0131ndan pratik bir \u00e7\u00f6z\u00fcm olarak \u00f6ne \u00e7\u0131kar.<\/p>","protected":false},"excerpt":{"rendered":"<p>The 1850 Kamelya Door Profiles is a profile model developed to create more distinctive and eye-catching designs on cabinet surfaces, featuring a defined line structure and a bold design language. The PVC coating applied over an MDF base ensures surface [&hellip;]<\/p>","protected":false},"featured_media":1431,"comment_status":"open","ping_status":"closed","template":"","meta":{"_acf_changed":false},"product_brand":[],"product_cat":[66],"product_tag":[],"class_list":{"0":"post-1430","1":"product","2":"type-product","3":"status-publish","4":"has-post-thumbnail","6":"product_cat-door-profiles","8":"first","9":"instock","10":"shipping-taxable","11":"product-type-simple"},"acf":[],"_links":{"self":[{"href":"https:\/\/www.gizir.com\/tr\/wp-json\/wp\/v2\/product\/1430","targetHints":{"allow":["GET"]}}],"collection":[{"href":"https:\/\/www.gizir.com\/tr\/wp-json\/wp\/v2\/product"}],"about":[{"href":"https:\/\/www.gizir.com\/tr\/wp-json\/wp\/v2\/types\/product"}],"replies":[{"embeddable":true,"href":"https:\/\/www.gizir.com\/tr\/wp-json\/wp\/v2\/comments?post=1430"}],"wp:featuredmedia":[{"embeddable":true,"href":"https:\/\/www.gizir.com\/tr\/wp-json\/wp\/v2\/media\/1431"}],"wp:attachment":[{"href":"https:\/\/www.gizir.com\/tr\/wp-json\/wp\/v2\/media?parent=1430"}],"wp:term":[{"taxonomy":"product_brand","embeddable":true,"href":"https:\/\/www.gizir.com\/tr\/wp-json\/wp\/v2\/product_brand?post=1430"},{"taxonomy":"product_cat","embeddable":true,"href":"https:\/\/www.gizir.com\/tr\/wp-json\/wp\/v2\/product_cat?post=1430"},{"taxonomy":"product_tag","embeddable":true,"href":"https:\/\/www.gizir.com\/tr\/wp-json\/wp\/v2\/product_tag?post=1430"}],"curies":[{"name":"wp","href":"https:\/\/api.w.org\/{rel}","templated":true}]}}