{"id":1426,"date":"2025-08-01T08:13:34","date_gmt":"2025-08-01T08:13:34","guid":{"rendered":"https:\/\/www.gizir.com\/?post_type=product&#038;p=1426"},"modified":"2026-03-23T17:24:14","modified_gmt":"2026-03-23T14:24:14","slug":"1845-define-kapi-profilleri","status":"publish","type":"product","link":"https:\/\/www.gizir.com\/tr\/product\/1845-define-kapi-profilleri\/","title":{"rendered":"1845 \u2013 DEFNE \u2013 KAPI PROF\u0130LLER\u0130"},"content":{"rendered":"<p>1845 Defne Kap\u0131 Profilleri, daha yumu\u015fak ge\u00e7i\u015flere sahip profil \u015fekliyle, sade ve dengeli kap\u0131 tasar\u0131mlar\u0131 olu\u015fturmay\u0131 ama\u00e7layan projeler i\u00e7in \u00f6zel olarak geli\u015ftirilmi\u015f bir modeldir. MDF taban \u00fczerine uygulanan PVC kaplama, d\u00fczg\u00fcn bir y\u00fczey g\u00f6r\u00fcn\u00fcm\u00fc sa\u011flarken g\u00fcnl\u00fck a\u015f\u0131nma ve y\u0131pranmaya kar\u015f\u0131 dayan\u0131kl\u0131l\u0131k da sunar. Zarif \u00e7izgileri sayesinde \u0131\u015f\u0131\u011f\u0131 e\u015fit \u015fekilde yans\u0131tarak odaya ferahl\u0131k hissi katar. Minimalist ve modern mutfak dolaplar\u0131ndan daha klasik \u00e7izgilere sahip banyo ve giri\u015f kap\u0131lar\u0131na kadar geni\u015f bir uygulama yelpazesine hitap eden Defne modeli, tasar\u0131m b\u00fct\u00fcnl\u00fc\u011f\u00fcnden \u00f6d\u00fcn vermeden zarafet sunar. Kolay temizlenebilir y\u00fczeyi ve \u00e7e\u015fitli renk se\u00e7enekleriyle hem estetik hem de pratik bir \u00e7\u00f6z\u00fcm olarak \u00f6ne \u00e7\u0131kar.<\/p>","protected":false},"excerpt":{"rendered":"<p>The 1845 Defne Door Profiles is a model developed specifically for projects aiming to create simple and balanced door designs, featuring a profile shape with softer transitions. The PVC coating applied over an MDF base ensures a uniform surface appearance [&hellip;]<\/p>","protected":false},"featured_media":1427,"comment_status":"open","ping_status":"closed","template":"","meta":{"_acf_changed":false},"product_brand":[],"product_cat":[66],"product_tag":[],"class_list":{"0":"post-1426","1":"product","2":"type-product","3":"status-publish","4":"has-post-thumbnail","6":"product_cat-door-profiles","8":"first","9":"instock","10":"shipping-taxable","11":"product-type-simple"},"acf":[],"_links":{"self":[{"href":"https:\/\/www.gizir.com\/tr\/wp-json\/wp\/v2\/product\/1426","targetHints":{"allow":["GET"]}}],"collection":[{"href":"https:\/\/www.gizir.com\/tr\/wp-json\/wp\/v2\/product"}],"about":[{"href":"https:\/\/www.gizir.com\/tr\/wp-json\/wp\/v2\/types\/product"}],"replies":[{"embeddable":true,"href":"https:\/\/www.gizir.com\/tr\/wp-json\/wp\/v2\/comments?post=1426"}],"wp:featuredmedia":[{"embeddable":true,"href":"https:\/\/www.gizir.com\/tr\/wp-json\/wp\/v2\/media\/1427"}],"wp:attachment":[{"href":"https:\/\/www.gizir.com\/tr\/wp-json\/wp\/v2\/media?parent=1426"}],"wp:term":[{"taxonomy":"product_brand","embeddable":true,"href":"https:\/\/www.gizir.com\/tr\/wp-json\/wp\/v2\/product_brand?post=1426"},{"taxonomy":"product_cat","embeddable":true,"href":"https:\/\/www.gizir.com\/tr\/wp-json\/wp\/v2\/product_cat?post=1426"},{"taxonomy":"product_tag","embeddable":true,"href":"https:\/\/www.gizir.com\/tr\/wp-json\/wp\/v2\/product_tag?post=1426"}],"curies":[{"name":"wp","href":"https:\/\/api.w.org\/{rel}","templated":true}]}}