{"id":1167,"date":"2025-07-22T17:00:00","date_gmt":"2025-07-22T14:00:00","guid":{"rendered":"https:\/\/www.gizir.com\/?post_type=product&#038;p=1167"},"modified":"2026-02-20T08:29:52","modified_gmt":"2026-02-20T05:29:52","slug":"9528-polilak-panel","status":"publish","type":"product","link":"https:\/\/www.gizir.com\/tr\/product\/9528-polilak-panel\/","title":{"rendered":"9528 Yumu\u015fak G\u00fcm\u00fc\u015f"},"content":{"rendered":"<p class=\"polylac-text\">9528 A\u00e7\u0131k Gri Polylac Panel, modern mimarinin temel n\u00f6tr tonunu y\u00fcksek parlakl\u0131kla birle\u015ftirerek ferah, temiz ve \u00e7a\u011fda\u015f bir g\u00f6r\u00fcn\u00fcm sunar. Y\u00fczeyi \u0131\u015f\u0131\u011f\u0131 nazik\u00e7e yans\u0131tarak mekanlarda derinlik hissi yarat\u0131rken, \u00e7izilmeye kar\u015f\u0131 dayan\u0131kl\u0131 teknolojisi uzun \u00f6m\u00fcrl\u00fc performans sa\u011flar. Minimalist tasar\u0131mlar, ofis mobilyalar\u0131 ve modern mutfak uygulamalar\u0131 i\u00e7in m\u00fckemmel bir se\u00e7imdir.<\/p>","protected":false},"excerpt":{"rendered":"<p>9528 Light Gray Polylac Panel combines the essential neutral tone of modern architecture with high gloss to provide a fresh, clean, and contemporary look. Its surface gently reflects light, creating a sense of depth in spaces, while its scratch-resistant technology [&hellip;]<\/p>","protected":false},"featured_media":4436,"comment_status":"open","ping_status":"closed","template":"","meta":{"_acf_changed":false},"product_brand":[],"product_cat":[15,51],"product_tag":[],"class_list":{"0":"post-1167","1":"product","2":"type-product","3":"status-publish","4":"has-post-thumbnail","6":"product_cat-panel","7":"product_cat-polylac","9":"first","10":"instock","11":"shipping-taxable","12":"product-type-simple"},"acf":[],"_links":{"self":[{"href":"https:\/\/www.gizir.com\/tr\/wp-json\/wp\/v2\/product\/1167","targetHints":{"allow":["GET"]}}],"collection":[{"href":"https:\/\/www.gizir.com\/tr\/wp-json\/wp\/v2\/product"}],"about":[{"href":"https:\/\/www.gizir.com\/tr\/wp-json\/wp\/v2\/types\/product"}],"replies":[{"embeddable":true,"href":"https:\/\/www.gizir.com\/tr\/wp-json\/wp\/v2\/comments?post=1167"}],"wp:featuredmedia":[{"embeddable":true,"href":"https:\/\/www.gizir.com\/tr\/wp-json\/wp\/v2\/media\/4436"}],"wp:attachment":[{"href":"https:\/\/www.gizir.com\/tr\/wp-json\/wp\/v2\/media?parent=1167"}],"wp:term":[{"taxonomy":"product_brand","embeddable":true,"href":"https:\/\/www.gizir.com\/tr\/wp-json\/wp\/v2\/product_brand?post=1167"},{"taxonomy":"product_cat","embeddable":true,"href":"https:\/\/www.gizir.com\/tr\/wp-json\/wp\/v2\/product_cat?post=1167"},{"taxonomy":"product_tag","embeddable":true,"href":"https:\/\/www.gizir.com\/tr\/wp-json\/wp\/v2\/product_tag?post=1167"}],"curies":[{"name":"wp","href":"https:\/\/api.w.org\/{rel}","templated":true}]}}