{"id":1161,"date":"2025-07-22T16:47:00","date_gmt":"2025-07-22T13:47:00","guid":{"rendered":"https:\/\/www.gizir.com\/?post_type=product&#038;p=1161"},"modified":"2026-01-12T10:44:05","modified_gmt":"2026-01-12T07:44:05","slug":"9523-polilak-panel","status":"publish","type":"product","link":"https:\/\/www.gizir.com\/tr\/product\/9523-polilak-panel\/","title":{"rendered":"9523 Kum Beji"},"content":{"rendered":"<p class=\"polylac-text\">9523 Krem Polylac Panel, s\u0131cak ve do\u011fal bir atmosfer yaratmak isteyenler i\u00e7in yumu\u015fak tonlarda zarif bir parlakl\u0131k sunar. Y\u00fcksek parlakl\u0131kta y\u00fczeyi \u0131\u015f\u0131\u011f\u0131 e\u015fit \u015fekilde yans\u0131tarak mekana sakin ve davetkar bir g\u00f6r\u00fcn\u00fcm kazand\u0131r\u0131r. Hem modern hem de klasik dekor stillerini tamamlayan bu \u00f6zel ton, dayan\u0131kl\u0131 yap\u0131s\u0131 sayesinde y\u0131llarca orijinal g\u00f6r\u00fcn\u00fcm\u00fcn\u00fc korurken ya\u015fam alanlar\u0131nda sofistike bir s\u0131cakl\u0131k yarat\u0131r.<\/p>","protected":false},"excerpt":{"rendered":"<p>9523 Cream Polylac Panel offers an elegant sheen in soft tones for those seeking to create a warm and natural atmosphere. Its high-gloss surface reflects light evenly, lending the space a serene and inviting appearance. This special tone, which complements [&hellip;]<\/p>","protected":false},"featured_media":1282,"comment_status":"open","ping_status":"closed","template":"","meta":{"_acf_changed":false},"product_brand":[],"product_cat":[15,51],"product_tag":[],"class_list":{"0":"post-1161","1":"product","2":"type-product","3":"status-publish","4":"has-post-thumbnail","6":"product_cat-panel","7":"product_cat-polylac","9":"first","10":"instock","11":"shipping-taxable","12":"product-type-simple"},"acf":[],"_links":{"self":[{"href":"https:\/\/www.gizir.com\/tr\/wp-json\/wp\/v2\/product\/1161","targetHints":{"allow":["GET"]}}],"collection":[{"href":"https:\/\/www.gizir.com\/tr\/wp-json\/wp\/v2\/product"}],"about":[{"href":"https:\/\/www.gizir.com\/tr\/wp-json\/wp\/v2\/types\/product"}],"replies":[{"embeddable":true,"href":"https:\/\/www.gizir.com\/tr\/wp-json\/wp\/v2\/comments?post=1161"}],"wp:featuredmedia":[{"embeddable":true,"href":"https:\/\/www.gizir.com\/tr\/wp-json\/wp\/v2\/media\/1282"}],"wp:attachment":[{"href":"https:\/\/www.gizir.com\/tr\/wp-json\/wp\/v2\/media?parent=1161"}],"wp:term":[{"taxonomy":"product_brand","embeddable":true,"href":"https:\/\/www.gizir.com\/tr\/wp-json\/wp\/v2\/product_brand?post=1161"},{"taxonomy":"product_cat","embeddable":true,"href":"https:\/\/www.gizir.com\/tr\/wp-json\/wp\/v2\/product_cat?post=1161"},{"taxonomy":"product_tag","embeddable":true,"href":"https:\/\/www.gizir.com\/tr\/wp-json\/wp\/v2\/product_tag?post=1161"}],"curies":[{"name":"wp","href":"https:\/\/api.w.org\/{rel}","templated":true}]}}