{"id":3630,"date":"2025-09-26T10:08:30","date_gmt":"2025-09-26T07:08:30","guid":{"rendered":"https:\/\/www.gizir.com\/?page_id=3630"},"modified":"2025-09-26T10:48:57","modified_gmt":"2025-09-26T07:48:57","slug":"kvkk","status":"publish","type":"page","link":"https:\/\/www.gizir.com\/tr\/kvkk\/","title":{"rendered":"KVKK"},"content":{"rendered":"<div data-elementor-type=\"wp-page\" data-elementor-id=\"3630\" class=\"elementor elementor-3630\" data-elementor-settings=\"{&quot;element_pack_global_tooltip_width&quot;:{&quot;unit&quot;:&quot;px&quot;,&quot;size&quot;:&quot;&quot;,&quot;sizes&quot;:[]},&quot;element_pack_global_tooltip_width_tablet&quot;:{&quot;unit&quot;:&quot;px&quot;,&quot;size&quot;:&quot;&quot;,&quot;sizes&quot;:[]},&quot;element_pack_global_tooltip_width_mobile&quot;:{&quot;unit&quot;:&quot;px&quot;,&quot;size&quot;:&quot;&quot;,&quot;sizes&quot;:[]},&quot;element_pack_global_tooltip_padding&quot;:{&quot;unit&quot;:&quot;px&quot;,&quot;top&quot;:&quot;&quot;,&quot;right&quot;:&quot;&quot;,&quot;bottom&quot;:&quot;&quot;,&quot;left&quot;:&quot;&quot;,&quot;isLinked&quot;:true},&quot;element_pack_global_tooltip_padding_tablet&quot;:{&quot;unit&quot;:&quot;px&quot;,&quot;top&quot;:&quot;&quot;,&quot;right&quot;:&quot;&quot;,&quot;bottom&quot;:&quot;&quot;,&quot;left&quot;:&quot;&quot;,&quot;isLinked&quot;:true},&quot;element_pack_global_tooltip_padding_mobile&quot;:{&quot;unit&quot;:&quot;px&quot;,&quot;top&quot;:&quot;&quot;,&quot;right&quot;:&quot;&quot;,&quot;bottom&quot;:&quot;&quot;,&quot;left&quot;:&quot;&quot;,&quot;isLinked&quot;:true},&quot;element_pack_global_tooltip_border_radius&quot;:{&quot;unit&quot;:&quot;px&quot;,&quot;top&quot;:&quot;&quot;,&quot;right&quot;:&quot;&quot;,&quot;bottom&quot;:&quot;&quot;,&quot;left&quot;:&quot;&quot;,&quot;isLinked&quot;:true},&quot;element_pack_global_tooltip_border_radius_tablet&quot;:{&quot;unit&quot;:&quot;px&quot;,&quot;top&quot;:&quot;&quot;,&quot;right&quot;:&quot;&quot;,&quot;bottom&quot;:&quot;&quot;,&quot;left&quot;:&quot;&quot;,&quot;isLinked&quot;:true},&quot;element_pack_global_tooltip_border_radius_mobile&quot;:{&quot;unit&quot;:&quot;px&quot;,&quot;top&quot;:&quot;&quot;,&quot;right&quot;:&quot;&quot;,&quot;bottom&quot;:&quot;&quot;,&quot;left&quot;:&quot;&quot;,&quot;isLinked&quot;:true}}\" data-elementor-post-type=\"page\">\n\t\t\t\t<div class=\"elementor-element elementor-element-e923362 e-flex e-con-boxed e-con e-parent\" data-id=\"e923362\" data-element_type=\"container\">\n\t\t\t\t\t<div class=\"e-con-inner\">\n\t\t\t\t<div class=\"elementor-element elementor-element-8c07785 elementor-widget elementor-widget-spacer\" data-id=\"8c07785\" data-element_type=\"widget\" data-widget_type=\"spacer.default\">\n\t\t\t\t<div class=\"elementor-widget-container\">\n\t\t\t\t\t\t\t<div class=\"elementor-spacer\">\n\t\t\t<div class=\"elementor-spacer-inner\"><\/div>\n\t\t<\/div>\n\t\t\t\t\t\t<\/div>\n\t\t\t\t<\/div>\n\t\t\t\t<div class=\"elementor-element elementor-element-7027eb7 elementor-widget elementor-widget-heading\" data-id=\"7027eb7\" data-element_type=\"widget\" data-widget_type=\"heading.default\">\n\t\t\t\t<div class=\"elementor-widget-container\">\n\t\t\t\t\t<h2 class=\"elementor-heading-title elementor-size-default\">K\u0130\u015e\u0130SEL VER\u0130LER\u0130N KORUNMASI HAKKINDA AYDINLATMA METN\u0130<\/h2>\t\t\t\t<\/div>\n\t\t\t\t<\/div>\n\t\t\t\t<div class=\"elementor-element elementor-element-c38b326 elementor-widget elementor-widget-text-editor\" data-id=\"c38b326\" data-element_type=\"widget\" data-widget_type=\"text-editor.default\">\n\t\t\t\t<div class=\"elementor-widget-container\">\n\t\t\t\t\t\t\t\t\t<ol><li><strong><u>Veri Sorumlusu <\/u><\/strong><\/li><\/ol><p>Bu ayd\u0131nlatma metni, 6698 say\u0131l\u0131 Ki\u015fisel Verilerin Korunmas\u0131 Kanunu\u2019nun 10. maddesi ile Ayd\u0131nlatma Y\u00fck\u00fcml\u00fcl\u00fc\u011f\u00fcn\u00fcn Yerine Getirilmesinde Uyulacak Usul ve Esaslar Hakk\u0131nda Tebli\u011f kapsam\u0131nda veri sorumlusu s\u0131fat\u0131yla <strong>G\u0130Z\u0130R AH\u015eAP \u0130N\u015eAAT TUR\u0130ZM SAN. T\u0130C. A.\u015e.. <\/strong>(Adres: Ac\u0131dere OSB Mah. \u00c7anakkale Cadde No: 17 Sar\u0131\u00e7am ADANA Mersis No: 0396062178600019,\u00a0 Tel: +90 (322) 394 43 40, e-mail: info@gizir.com) ( (\u015eirket) taraf\u0131ndan haz\u0131rlanm\u0131\u015ft\u0131r.<\/p><p>\u00a0(\u015eirket) taraf\u0131ndan siz de\u011ferleri ziyaret\u00e7ilerimiz, m\u00fc\u015fterilerimiz, tedarik\u00e7ilerimiz, i\u015f ba\u011flant\u0131lar\u0131m\u0131z, ticari veya i\u015f ili\u015fkisi kapsam\u0131nda bulundu\u011fumuz ilgili ki\u015filer i\u00e7in haz\u0131rlanm\u0131\u015ft\u0131r.<\/p><p>\u015eirketimiz ile payla\u015f\u0131lm\u0131\u015f olan t\u00fcm ki\u015fisel veriler hukuka uygun bir \u015fekilde, faaliyet ve hizmet ama\u00e7lar\u0131m\u0131z ile ba\u011flant\u0131l\u0131 ve \u00f6l\u00e7\u00fcl\u00fc olarak i\u015flenebilecektir. Ayd\u0131nlatma metni kapsam\u0131nda yer alan detay hususlara web sitemizde yer alan Ki\u015fisel Verilerin \u0130\u015flenmesi ve Korunmas\u0131 Politikas\u0131ndan eri\u015filebilmektedir.<\/p><p>\u00a0<\/p><ol start=\"2\"><li><strong><u>Tan\u0131mlar <\/u><\/strong><\/li><\/ol><table><tbody><tr><td width=\"179\"><p><strong>Ki\u015fisel Veri\u00a0 <\/strong><\/p><\/td><td width=\"425\"><p>Kimli\u011fi belirli veya belirlenebilir ger\u00e7ek ki\u015fiye ili\u015fkin her t\u00fcrl\u00fc bilgiyi<\/p><\/td><\/tr><tr><td width=\"179\"><p><strong>Ki\u015fisel Verilerin<\/strong><\/p><p><strong>\u0130\u015flenmesi<\/strong><\/p><\/td><td width=\"425\"><p>Ki\u015fisel verilerin tamamen veya k\u0131smen otomatik olan ya da herhangi bir veri kay\u0131t sisteminin par\u00e7as\u0131 olmak kayd\u0131yla otomatik olmayan yollarla elde edilmesi, kaydedilmesi, depolanmas\u0131, muhafaza edilmesi, de\u011fi\u015ftirilmesi, yeniden d\u00fczenlenmesi, a\u00e7\u0131klanmas\u0131, aktar\u0131lmas\u0131, devral\u0131nmas\u0131, elde edilebilir h\u00e2le getirilmesi, s\u0131n\u0131fland\u0131r\u0131lmas\u0131 ya da kullan\u0131lmas\u0131n\u0131n engellenmesi gibi veriler \u00fczerinde ger\u00e7ekle\u015ftirilen her t\u00fcrl\u00fc i\u015flemi<\/p><\/td><\/tr><tr><td width=\"179\"><p><strong>Al\u0131c\u0131 Grubu<\/strong><\/p><\/td><td width=\"425\"><p>Veri sorumlusu taraf\u0131ndan ki\u015fisel verilerin aktar\u0131ld\u0131\u011f\u0131 ger\u00e7ek veya t\u00fczel ki\u015fi kategorisini<\/p><\/td><\/tr><tr><td width=\"179\"><p><strong>\u0130lgili Ki\u015fi<\/strong><\/p><\/td><td width=\"425\"><p>Ki\u015fisel verisi i\u015flenen ger\u00e7ek ki\u015fiyi<\/p><\/td><\/tr><tr><td width=\"179\"><p><strong>Veri Kay\u0131t Sistemi<\/strong><\/p><\/td><td width=\"425\"><p>Tamamen veya k\u0131smen otomatik olan ya da herhangi bir veri kay\u0131t sisteminin par\u00e7as\u0131 olmak kayd\u0131yla otomatik olmayan yollarla i\u015flenen ki\u015fisel verilerin bulundu\u011fu her t\u00fcrl\u00fc ortam\u0131,<\/p><\/td><\/tr><tr><td width=\"179\"><p><strong>Veri Sorumlusu<\/strong><\/p><\/td><td width=\"425\"><p>Ki\u015fisel verilerin i\u015fleme ama\u00e7lar\u0131n\u0131 ve vas\u0131talar\u0131n\u0131 belirleyen, veri kay\u0131t sisteminin kurulmas\u0131ndan ve y\u00f6netilmesinden sorumlu olan ger\u00e7ek veya t\u00fczel ki\u015fiyi, <u>ifade eder.<\/u><\/p><\/td><\/tr><\/tbody><\/table><p>\u00a0<\/p><ol start=\"3\"><li><strong><u>Ki\u015fisel Veriler ve Ki\u015fisel Verilerin \u0130\u015flenme Amac\u0131 <\/u><\/strong><\/li><\/ol><p><strong>Taraf\u0131m\u0131zca, bizimle payla\u015fman\u0131z veya gerekli olmas\u0131 halinde, i\u015flemeye konu olabilecek ki\u015fisel verileriniz a\u015fa\u011f\u0131daki gibidir:<\/strong><\/p><table><tbody><tr><td width=\"160\"><p><strong>Veri Kategorisi <\/strong><\/p><\/td><td width=\"444\"><p><strong>Ki\u015fisel Veri <\/strong><\/p><\/td><\/tr><tr><td width=\"160\"><p><strong>Kimlik Verileri<\/strong><\/p><\/td><td width=\"444\"><p>Ad\u0131n\u0131z, soyad\u0131n\u0131z, T.C. Kimlik Numaran\u0131z, imza vb.<\/p><\/td><\/tr><tr><td width=\"160\"><p><strong>\u0130leti\u015fim Verileri<\/strong><\/p><\/td><td width=\"444\"><p>Adres, E-Posta Adresi, Telefon No v.b.<\/p><\/td><\/tr><tr><td width=\"160\"><p><strong>Fiziksel Mekan G\u00fcvenli\u011fi <\/strong><\/p><\/td><td width=\"444\"><p>Giri\u015f \u00e7\u0131k\u0131\u015f kay\u0131t bilgileri, Kamera Kay\u0131tlar\u0131 vb.<\/p><\/td><\/tr><tr><td width=\"160\"><p><strong>\u0130\u015flem G\u00fcvenli\u011fi <\/strong><\/p><\/td><td width=\"444\"><p>IP adresi bilgileri, \u0130nternet sitesi giri\u015f \u00e7\u0131k\u0131\u015f bilgileri, \u015eifre ve parola bilgileri v.b.<\/p><\/td><\/tr><tr><td width=\"160\"><p><strong>Finans<\/strong><\/p><\/td><td width=\"444\"><p>Banka Hesap Bilgisi v.b.<\/p><\/td><\/tr><tr><td width=\"160\"><p><strong>Mesleki Deneyim<\/strong><\/p><\/td><td width=\"444\"><p>E\u011fitim Durumu, Mesle\u011fi, Mesleki Yeterlilik, Mesleki E\u011fitim Belgeleri,<\/p><\/td><\/tr><tr><td width=\"160\"><p><strong>\u00d6zl\u00fck <\/strong><\/p><\/td><td width=\"444\"><p>Geldi\u011fi Kurum\/kurulu\u015f ve Unvan Bilgisi, \u00d6zl\u00fck evraklar\u0131<\/p><\/td><\/tr><tr><td width=\"160\"><p><strong>Hukuki \u0130\u015flem <\/strong><\/p><\/td><td width=\"444\"><p>Adli makamlarla yaz\u0131\u015fmalardaki bilgiler, Dava dosyas\u0131ndaki bilgiler v.b<\/p><\/td><\/tr><\/tbody><\/table><p>\u00a0<\/p><p>\u00a0<\/p><p>\u015eirketimiz ki\u015fisel verilerinizi a\u015fa\u011f\u0131da say\u0131lan ama\u00e7lar kapsam\u0131nda i\u015flemektedir:<\/p><p><strong><u>Ki\u015fisel Verileriniz;<\/u><\/strong> Acil Durum Y\u00f6netimi S\u00fcre\u00e7lerinin Y\u00fcr\u00fct\u00fclmesi, Bilgi G\u00fcvenli\u011fi S\u00fcre\u00e7lerinin Y\u00fcr\u00fct\u00fclmesi, Denetim \/ Etik Faaliyetlerinin Y\u00fcr\u00fct\u00fclmesi, Eri\u015fim Yetkilerinin Y\u00fcr\u00fct\u00fclmesi, Faaliyetlerin Mevzuata Uygun Y\u00fcr\u00fct\u00fclmesi, Finans Ve Muhasebe \u0130\u015flerinin Y\u00fcr\u00fct\u00fclmesi, Fiziksel Mekan G\u00fcvenli\u011finin Temini, G\u00f6revlendirme S\u00fcre\u00e7lerinin Y\u00fcr\u00fct\u00fclmesi, Hukuk \u0130\u015flerinin Takibi Ve Y\u00fcr\u00fct\u00fclmesi, \u0130\u00e7 Denetim\/ Soru\u015fturma \/ \u0130stihbarat Faaliyetlerinin Y\u00fcr\u00fct\u00fclmesi, \u0130leti\u015fim Faaliyetlerinin Y\u00fcr\u00fct\u00fclmesi, \u0130nsan Kaynaklar\u0131 S\u00fcre\u00e7lerinin Planlanmas\u0131, \u0130\u015f Faaliyetlerinin Y\u00fcr\u00fct\u00fclmesi \/ Denetimi, \u0130\u015f S\u00fcre\u00e7lerinin \u0130yile\u015ftirilmesine Y\u00f6nelik \u00d6nerilerin Al\u0131nmas\u0131 Ve De\u011ferlendirilmesi, \u0130\u015f S\u00fcreklili\u011finin Sa\u011flanmas\u0131 Faaliyetlerinin Y\u00fcr\u00fct\u00fclmesi, Lojistik Faaliyetlerinin Y\u00fcr\u00fct\u00fclmesi, Mal \/ Hizmet Sat\u0131n Al\u0131m S\u00fcre\u00e7lerinin Y\u00fcr\u00fct\u00fclmesi, Mal \/ Hizmet Sat\u0131\u015f Sonras\u0131 Destek Hizmetlerinin Y\u00fcr\u00fct\u00fclmesi, Mal \/ Hizmet Sat\u0131\u015f S\u00fcre\u00e7lerinin Y\u00fcr\u00fct\u00fclmesi, Mal \/ Hizmet \u00dcretim Ve Operasyon S\u00fcre\u00e7lerinin Y\u00fcr\u00fct\u00fclmesi, M\u00fc\u015fteri \u0130li\u015fkileri Y\u00f6netimi S\u00fcre\u00e7lerinin Y\u00fcr\u00fct\u00fclmesi, M\u00fc\u015fteri Memnuniyetine Y\u00f6nelik Aktivitelerin Y\u00fcr\u00fct\u00fclmesi, Organizasyon Ve Etkinlik Y\u00f6netimi, Pazarlama Analiz \u00c7al\u0131\u015fmalar\u0131n\u0131n Y\u00fcr\u00fct\u00fclmesi, Reklam \/ Kampanya \/ Promosyon S\u00fcre\u00e7lerinin Y\u00fcr\u00fct\u00fclmesi, Risk Y\u00f6netimi S\u00fcre\u00e7lerinin Y\u00fcr\u00fct\u00fclmesi, Saklama Ve Ar\u015fiv Faaliyetlerinin Y\u00fcr\u00fct\u00fclmesi, S\u00f6zle\u015fme S\u00fcre\u00e7lerinin Y\u00fcr\u00fct\u00fclmesi, Stratejik Planlama Faaliyetlerinin Y\u00fcr\u00fct\u00fclmesi, Talep \/ \u015eikayetlerin Takibi, Ta\u015f\u0131n\u0131r Mal Ve Kaynaklar\u0131n G\u00fcvenli\u011finin Temini, Tedarik Zinciri Y\u00f6netimi S\u00fcre\u00e7lerinin Y\u00fcr\u00fct\u00fclmesi, \u00dccret Politikas\u0131n\u0131n Y\u00fcr\u00fct\u00fclmesi, \u00dcr\u00fcn \/ Hizmetlerin Pazarlama S\u00fcre\u00e7lerinin Y\u00fcr\u00fct\u00fclmesi, Veri Sorumlusu Operasyonlar\u0131n\u0131n G\u00fcvenli\u011finin Temini, Yat\u0131r\u0131m S\u00fcre\u00e7lerinin Y\u00fcr\u00fct\u00fclmesi, Yetenek \/ Kariyer Geli\u015fimi Faaliyetlerinin Y\u00fcr\u00fct\u00fclmesi, Yetkili Ki\u015fi, Kurum Ve Kurulu\u015flara Bilgi Verilmesi, Y\u00f6netim Faaliyetlerinin Y\u00fcr\u00fct\u00fclmesi, Ziyaret\u00e7i Kay\u0131tlar\u0131n\u0131n Olu\u015fturulmas\u0131 Ve Takibi Ama\u00e7lar\u0131yla, KVKK\u2019n\u0131n 5. Ve 6. Maddelerinde belirtilen ki\u015fisel verilerin i\u015flenme \u015fartlar\u0131na uygun olarak i\u015flenecektir.<\/p><p>\u00a0<\/p><ol start=\"4\"><li><strong><u>Ki\u015fisel Verilerin Aktar\u0131lmas\u0131 <\/u><\/strong><\/li><\/ol><p>\u015eirketimiz, ki\u015fisel verilerin aktar\u0131lmas\u0131 konusunda, KVKK&#8217;da \u00f6ng\u00f6r\u00fclen d\u00fczenlemelere uygun bir \u015fekilde hareket etmektedir. Ki\u015fisel Verileriniz; \u0130nternet Ortam\u0131nda Yap\u0131lan Yay\u0131nlar\u0131n D\u00fczenlenmesi ve Bu Yay\u0131nlar Yoluyla \u0130\u015flenen Su\u00e7larla M\u00fccadele Edilmesi Hakk\u0131nda Kanun, T\u00fcrk Ticaret Kanunu, Vergi Usul Kanunu, 6698 Say\u0131l\u0131 Ki\u015fisel Verilerin Korunmas\u0131 Kanunu ve di\u011fer mevzuat h\u00fck\u00fcmlerinin izin verdi\u011fi kurum veya kurulu\u015flar; Ki\u015fisel Verileri Koruma Kurumu, Maliye Bakanl\u0131\u011f\u0131, G\u00fcmr\u00fck ve Ticaret Bakanl\u0131\u011f\u0131, \u00c7al\u0131\u015fma ve Sosyal G\u00fcvenlik Bakanl\u0131\u011f\u0131, Bilgi Teknolojileri ve \u0130leti\u015fim Kurumu gibi kamu t\u00fczel ki\u015fileri; \u015eirket olarak faaliyetlerimizi y\u00fcr\u00fctmek \u00fczere s\u00f6zle\u015fmesel olarak hizmet ald\u0131\u011f\u0131m\u0131z, i\u015fbirli\u011fi yapt\u0131\u011f\u0131m\u0131z, her t\u00fcrl\u00fc ki\u015fisel verilerinizin muhafazas\u0131, yetkisiz eri\u015fimlerin \u00f6nlenmesi ve hukuka ayk\u0131r\u0131 olarak i\u015flenmelerini \u00f6nlemek gibi veri g\u00fcvenli\u011fi tedbirlerinin al\u0131nmas\u0131nda bizimle birlikte sorumlu olan ger\u00e7ek veya \u00f6zel hukuk t\u00fczelki\u015fileri; \u015eirketimizin hizmet ald\u0131\u011f\u0131, Hukuk, Vergi, Mali M\u00fc\u015favir, Banka vb. tedarik\u00e7i firma ve kurumlara; ilgili mevzuatta \u00f6ng\u00f6r\u00fclen usul ve esaslar \u00e7er\u00e7evesinde ve KVKK\u2019n\u0131n 8. ve 9. maddelerinde belirtilen ki\u015fisel verilerin aktar\u0131lmas\u0131 \u015fartlar\u0131na ve ama\u00e7lar\u0131na uygun olarak aktar\u0131labilecektir. \u00a0Ki\u015fisel veriler, s\u00f6zle\u015fmenin ifas\u0131 i\u00e7in gerekli olmas\u0131 durumunda ve kanunda \u00f6ng\u00f6r\u00fclen di\u011fer durumlarda, aktar\u0131laca\u011f\u0131 \u00fclke, \u00fclke i\u00e7erisindeki sekt\u00f6rler veya uluslararas\u0131 kurulu\u015flar hakk\u0131nda yeterli koruman\u0131n bulunmas\u0131, yeterli koruman\u0131n bulunmamas\u0131 durumunda 5 inci ve 6 nc\u0131 maddelerde belirtilen \u015fartlardan birinin varl\u0131\u011f\u0131, ilgili ki\u015finin aktar\u0131m\u0131n yap\u0131laca\u011f\u0131 \u00fclkede de haklar\u0131n\u0131 kullanma ve etkili kanun yollar\u0131na ba\u015fvurma imk\u00e2n\u0131n\u0131n bulunmas\u0131 kayd\u0131yla, kanunda belirtilen uygun g\u00fcvencelerden birinin taraflarca sa\u011flanmas\u0131 halinde yurt d\u0131\u015f\u0131na aktar\u0131labilir.<\/p><p>\u00a0<\/p><ol start=\"5\"><li><strong><u>Ki\u015fisel Verilerin Toplanma Y\u00f6ntemi ve Hukuki Sebebi<\/u><\/strong><\/li><\/ol><p>Ki\u015fisel verileriniz; \u015eirketimizle i\u015f ili\u015fkisinin kurulmas\u0131 ve y\u00fcr\u00fct\u00fclmesi s\u00fcre\u00e7lerinde ziyaret\u00e7ilerimiz, m\u00fc\u015fterilerimiz, tedarik\u00e7ilerimiz, i\u015f ba\u011flant\u0131lar\u0131m\u0131z, ticari veya i\u015f ili\u015fkisi kapsam\u0131nda bulundu\u011fumuz ilgili ki\u015filer taraf\u0131ndan taraf\u0131m\u0131za iletilen belgeler, formlar, raporlar vb. her t\u00fcrl\u00fc dok\u00fcman vas\u0131tas\u0131yla ve bir veri kay\u0131t sistemlerinin par\u00e7as\u0131 olmak kayd\u0131yla otomatik olmayan y\u00f6ntemlerle ki\u015fisel verileriniz elde edilebilmektedir. Ayn\u0131 zamanda otomatik veya k\u0131smen otomatik sistemler vas\u0131tas\u0131yla ki\u015fisel verileriniz elde edilebilecek veya toplanabilecektir.<\/p><p>S\u00f6z konusu ki\u015fisel verilerinizin \u015eirket taraf\u0131ndan i\u015flenmesindeki hukuki sebepler; Kanunlarda a\u00e7\u0131k\u00e7a \u00f6ng\u00f6r\u00fclmesi, S\u00f6zle\u015fmenin kurulmas\u0131 veya ifas\u0131yla do\u011frudan do\u011fruya ilgili olmas\u0131 kayd\u0131yla, s\u00f6zle\u015fmenin taraflar\u0131na ait ki\u015fisel verilerin i\u015flenmesinin gerekli olmas\u0131, \u015eirketimizin hukuki y\u00fck\u00fcml\u00fcl\u00fc\u011f\u00fcn\u00fc yerine getirebilmesi i\u00e7in zorunlu olmas\u0131, Bir hakk\u0131n tesisi, kullan\u0131lmas\u0131 veya korunmas\u0131 i\u00e7in veri i\u015flemenin zorunlu olmas\u0131, Temel hak ve \u00f6zg\u00fcrl\u00fcklerinize zarar vermemek kayd\u0131yla, \u015firketimizin me\u015fru menfaatleri i\u00e7in veri i\u015flenmesinin zorunlu olmas\u0131, Yukar\u0131daki hukuki sebepler d\u0131\u015f\u0131nda kalan hallerde ise a\u00e7\u0131k r\u0131zan\u0131z olmas\u0131 hukuki sebeplerine dayal\u0131 olarak, i\u015f bu ayd\u0131nlatma metninde belirtilen ama\u00e7larla \u015eirketimiz taraf\u0131ndan toplanmakta ve i\u015flenmektedir.<\/p><p>\u00a0<\/p><ol start=\"6\"><li><strong><u>\u0130lgili Ki\u015finin Haklar\u0131<\/u><\/strong><\/li><\/ol><p>\u0130lgili Ki\u015fi olarak Kanun\u2019un 11. maddesi uyar\u0131nca a\u015fa\u011f\u0131daki haklara sahip oldu\u011funuzu bildiririz:<\/p><p>Ki\u015fisel verilerinizin i\u015flenip i\u015flenmedi\u011fini \u00f6\u011frenme, Ki\u015fisel verileriniz i\u015flenmi\u015fse, buna ili\u015fkin bilgi talep etme, Ki\u015fisel verilerinizin i\u015flenme amac\u0131n\u0131 ve ki\u015fisel verilerinizin i\u015flenme amac\u0131na uygun kullan\u0131l\u0131p kullan\u0131lmad\u0131\u011f\u0131n\u0131 \u00f6\u011frenme, Yurt i\u00e7inde veya yurt d\u0131\u015f\u0131nda ki\u015fisel verilerinizin aktar\u0131ld\u0131\u011f\u0131 \u00fc\u00e7\u00fcnc\u00fc ki\u015fileri bilme, Ki\u015fisel verilerinizin eksik veya yanl\u0131\u015f i\u015flenmi\u015f olmas\u0131 halinde bunlar\u0131n d\u00fczeltilmesini talep etme, \u0130lgili mevzuatta \u00f6ng\u00f6r\u00fclen \u015fartlar \u00e7er\u00e7evesinde ki\u015fisel verilerinizin silinmesini veya yok edilmesini isteme, \u0130lgili mevzuat uyar\u0131nca yap\u0131lan d\u00fczeltme, silme ve yok edilme i\u015flemlerinin, ki\u015fisel verilerinizin payla\u015f\u0131ld\u0131\u011f\u0131 \u00fc\u00e7\u00fcnc\u00fc ki\u015filere bildirilmesini isteme, \u0130\u015flenen ki\u015fisel verilerinizin m\u00fcnhas\u0131ran otomatik sistemler vas\u0131tas\u0131yla analiz edilmesi suretiyle sizin aleyhinize bir sonucun ortaya \u00e7\u0131kmas\u0131na itiraz etme, Ki\u015fisel verilerinizin kanuna ayk\u0131r\u0131 olarak i\u015flenmesi sebebiyle zarara u\u011framan\u0131z halinde, zarar\u0131n giderilmesini talep etme haklar\u0131na sahipsiniz.<\/p><p>Yukar\u0131da s\u0131ralanan haklar\u0131n\u0131za y\u00f6nelik ba\u015fvurular\u0131n\u0131z\u0131 web sitemizden ula\u015fabilece\u011finiz \u0130lgili Ki\u015fi Ba\u015fvuru Formu\u2019nu doldurarak \u015eirketimize iletebilirsiniz. S\u00f6z konusu haklar\u0131n\u0131za ili\u015fkin taleplerinizi, ilgili ki\u015fi olarak yaz\u0131l\u0131 bir \u015fekilde \u015firketimizin Ac\u0131dere OSB Mah. \u00c7anakkale Cadde No: 17 Sar\u0131\u00e7am ADANA adresine yaz\u0131l\u0131 olarak, \u015eirketimize daha \u00f6nceden bildirdi\u011finiz ve \u015firketimiz sisteminde kay\u0131tl\u0131 bulunan elektronik posta adresi arac\u0131l\u0131\u011f\u0131 ile info@gizir.com adresine iletilmesi halinde 30 (otuz) g\u00fcn i\u00e7erisinde de\u011ferlendirilerek sonu\u00e7land\u0131r\u0131lacakt\u0131r. \u0130lgili Ki\u015fi taraf\u0131ndan iletilen taleplerde, ilgili ki\u015finin ad\u0131, soyad\u0131, ba\u015fvuru yaz\u0131l\u0131 ise imzas\u0131, TC kimlik numaras\u0131 ya da yabanc\u0131 ise uyru\u011fu, pasaport numaras\u0131 veya varsa kimlik numaras\u0131, tebligata esas yerle\u015fim yeri veya i\u015f adresi, varsa bildirime esas elektronik posta adresi, telefon ve faks numaras\u0131 ve talep konusu bulunmas\u0131 zorunludur.<\/p><p>Taleplere ili\u015fkin olarak yaz\u0131l\u0131 \u015fekilde yan\u0131t verilecek olmas\u0131 halinde yan\u0131tlar i\u00e7in mevzuat\u0131n \u00f6ng\u00f6rd\u00fc\u011f\u00fc \u00fccret tarifesi \u00fczerinden \u00fccret talep etme hakk\u0131 sakl\u0131d\u0131r. Ba\u015fvuruya verilecek yan\u0131t\u0131n CD, flash bellek gibi bir kay\u0131t ortam\u0131nda verilmesi halinde ise \u015eirketimiz, talepte bulunan veri sahibinden kay\u0131t ortam\u0131n\u0131n maliyeti tutar\u0131nda \u00fccret talep edebilir.<\/p><p>\u00a0<\/p><p><strong>Metin\u2019deki De\u011fi\u015fiklikler<\/strong><\/p><p>\u015eirketimiz, i\u015fbu Metin\u2019de yer alan h\u00fck\u00fcmleri diledi\u011fi zaman de\u011fi\u015ftirebilir. \u015eirketimizin de\u011fi\u015fiklik yapt\u0131\u011f\u0131 h\u00fck\u00fcmler yay\u0131nland\u0131\u011f\u0131 tarihte y\u00fcr\u00fcrl\u00fck kazan\u0131r.<\/p>\t\t\t\t\t\t\t\t<\/div>\n\t\t\t\t<\/div>\n\t\t\t\t<div class=\"elementor-element elementor-element-10a1284 elementor-widget elementor-widget-spacer\" data-id=\"10a1284\" data-element_type=\"widget\" data-widget_type=\"spacer.default\">\n\t\t\t\t<div class=\"elementor-widget-container\">\n\t\t\t\t\t\t\t<div class=\"elementor-spacer\">\n\t\t\t<div class=\"elementor-spacer-inner\"><\/div>\n\t\t<\/div>\n\t\t\t\t\t\t<\/div>\n\t\t\t\t<\/div>\n\t\t\t\t\t<\/div>\n\t\t\t\t<\/div>\n\t\t\t\t<\/div>","protected":false},"excerpt":{"rendered":"<p>K\u0130\u015e\u0130SEL VER\u0130LER\u0130N KORUNMASI HAKKINDA AYDINLATMA METN\u0130 Veri Sorumlusu Bu ayd\u0131nlatma metni, 6698 say\u0131l\u0131 Ki\u015fisel Verilerin Korunmas\u0131 Kanunu\u2019nun 10. maddesi ile Ayd\u0131nlatma Y\u00fck\u00fcml\u00fcl\u00fc\u011f\u00fcn\u00fcn [&hellip;]<\/p>","protected":false},"author":1,"featured_media":0,"parent":0,"menu_order":0,"comment_status":"closed","ping_status":"closed","template":"","meta":{"_acf_changed":false,"footnotes":""},"class_list":["post-3630","page","type-page","status-publish","hentry"],"acf":[],"_links":{"self":[{"href":"https:\/\/www.gizir.com\/tr\/wp-json\/wp\/v2\/pages\/3630","targetHints":{"allow":["GET"]}}],"collection":[{"href":"https:\/\/www.gizir.com\/tr\/wp-json\/wp\/v2\/pages"}],"about":[{"href":"https:\/\/www.gizir.com\/tr\/wp-json\/wp\/v2\/types\/page"}],"author":[{"embeddable":true,"href":"https:\/\/www.gizir.com\/tr\/wp-json\/wp\/v2\/users\/1"}],"replies":[{"embeddable":true,"href":"https:\/\/www.gizir.com\/tr\/wp-json\/wp\/v2\/comments?post=3630"}],"version-history":[{"count":16,"href":"https:\/\/www.gizir.com\/tr\/wp-json\/wp\/v2\/pages\/3630\/revisions"}],"predecessor-version":[{"id":3650,"href":"https:\/\/www.gizir.com\/tr\/wp-json\/wp\/v2\/pages\/3630\/revisions\/3650"}],"wp:attachment":[{"href":"https:\/\/www.gizir.com\/tr\/wp-json\/wp\/v2\/media?parent=3630"}],"curies":[{"name":"wp","href":"https:\/\/api.w.org\/{rel}","templated":true}]}}