{"id":1391,"date":"2025-07-31T07:34:42","date_gmt":"2025-07-31T07:34:42","guid":{"rendered":"https:\/\/www.gizir.com\/?page_id=1391"},"modified":"2025-09-03T16:09:20","modified_gmt":"2025-09-03T13:09:20","slug":"quality-policy-company-scope","status":"publish","type":"page","link":"https:\/\/www.gizir.com\/ru\/quality-policy-company-scope\/","title":{"rendered":"\u041f\u043e\u043b\u0438\u0442\u0438\u043a\u0430 \u0432 \u043e\u0431\u043b\u0430\u0441\u0442\u0438 \u043a\u0430\u0447\u0435\u0441\u0442\u0432\u0430 \u0438 \u0441\u0444\u0435\u0440\u0430 \u0434\u0435\u044f\u0442\u0435\u043b\u044c\u043d\u043e\u0441\u0442\u0438 \u043a\u043e\u043c\u043f\u0430\u043d\u0438\u0438"},"content":{"rendered":"<div data-elementor-type=\"wp-page\" data-elementor-id=\"1391\" class=\"elementor elementor-1391\" data-elementor-settings=\"{&quot;element_pack_global_tooltip_width&quot;:{&quot;unit&quot;:&quot;px&quot;,&quot;size&quot;:&quot;&quot;,&quot;sizes&quot;:[]},&quot;element_pack_global_tooltip_width_tablet&quot;:{&quot;unit&quot;:&quot;px&quot;,&quot;size&quot;:&quot;&quot;,&quot;sizes&quot;:[]},&quot;element_pack_global_tooltip_width_mobile&quot;:{&quot;unit&quot;:&quot;px&quot;,&quot;size&quot;:&quot;&quot;,&quot;sizes&quot;:[]},&quot;element_pack_global_tooltip_padding&quot;:{&quot;unit&quot;:&quot;px&quot;,&quot;top&quot;:&quot;&quot;,&quot;right&quot;:&quot;&quot;,&quot;bottom&quot;:&quot;&quot;,&quot;left&quot;:&quot;&quot;,&quot;isLinked&quot;:true},&quot;element_pack_global_tooltip_padding_tablet&quot;:{&quot;unit&quot;:&quot;px&quot;,&quot;top&quot;:&quot;&quot;,&quot;right&quot;:&quot;&quot;,&quot;bottom&quot;:&quot;&quot;,&quot;left&quot;:&quot;&quot;,&quot;isLinked&quot;:true},&quot;element_pack_global_tooltip_padding_mobile&quot;:{&quot;unit&quot;:&quot;px&quot;,&quot;top&quot;:&quot;&quot;,&quot;right&quot;:&quot;&quot;,&quot;bottom&quot;:&quot;&quot;,&quot;left&quot;:&quot;&quot;,&quot;isLinked&quot;:true},&quot;element_pack_global_tooltip_border_radius&quot;:{&quot;unit&quot;:&quot;px&quot;,&quot;top&quot;:&quot;&quot;,&quot;right&quot;:&quot;&quot;,&quot;bottom&quot;:&quot;&quot;,&quot;left&quot;:&quot;&quot;,&quot;isLinked&quot;:true},&quot;element_pack_global_tooltip_border_radius_tablet&quot;:{&quot;unit&quot;:&quot;px&quot;,&quot;top&quot;:&quot;&quot;,&quot;right&quot;:&quot;&quot;,&quot;bottom&quot;:&quot;&quot;,&quot;left&quot;:&quot;&quot;,&quot;isLinked&quot;:true},&quot;element_pack_global_tooltip_border_radius_mobile&quot;:{&quot;unit&quot;:&quot;px&quot;,&quot;top&quot;:&quot;&quot;,&quot;right&quot;:&quot;&quot;,&quot;bottom&quot;:&quot;&quot;,&quot;left&quot;:&quot;&quot;,&quot;isLinked&quot;:true}}\" data-elementor-post-type=\"page\">\n\t\t\t\t<div class=\"elementor-element elementor-element-e2e9f0a e-flex e-con-boxed e-con e-parent\" data-id=\"e2e9f0a\" data-element_type=\"container\" data-settings=\"{&quot;background_background&quot;:&quot;classic&quot;}\">\n\t\t\t\t\t<div class=\"e-con-inner\">\n\t\t\t\t<div class=\"elementor-element elementor-element-3c60728 elementor-invisible elementor-widget elementor-widget-heading\" data-id=\"3c60728\" data-element_type=\"widget\" data-settings=\"{&quot;_animation&quot;:&quot;zoomOutUp&quot;,&quot;_animation_delay&quot;:250}\" data-widget_type=\"heading.default\">\n\t\t\t\t<div class=\"elementor-widget-container\">\n\t\t\t\t\t<h1 class=\"elementor-heading-title elementor-size-default\">\u041a\u0430\u0447\u0435\u0441\u0442\u0432\u043e \u0438 \u0441\u0444\u0435\u0440\u0430 \u0434\u0435\u044f\u0442\u0435\u043b\u044c\u043d\u043e\u0441\u0442\u0438 \u043a\u043e\u043c\u043f\u0430\u043d\u0438\u0438<\/h1>\t\t\t\t<\/div>\n\t\t\t\t<\/div>\n\t\t\t\t<div class=\"elementor-element elementor-element-07a9f9b elementor-widget__width-initial elementor-invisible elementor-widget elementor-widget-text-editor\" data-id=\"07a9f9b\" data-element_type=\"widget\" data-settings=\"{&quot;_animation&quot;:&quot;fadeInUp&quot;,&quot;_animation_delay&quot;:500}\" data-widget_type=\"text-editor.default\">\n\t\t\t\t<div class=\"elementor-widget-container\">\n\t\t\t\t\t\t\t\t\t<p>\u041f\u0440\u0438\u0432\u0435\u0440\u0436\u0435\u043d\u043d\u043e\u0441\u0442\u044c \u043a\u0430\u0447\u0435\u0441\u0442\u0432\u0443, \u043e\u0442\u043a\u0440\u044b\u0442\u043e\u0441\u0442\u044c \u043c\u0438\u0440\u0443.<\/p>\t\t\t\t\t\t\t\t<\/div>\n\t\t\t\t<\/div>\n\t\t\t\t\t<\/div>\n\t\t\t\t<\/div>\n\t\t<div class=\"elementor-element elementor-element-2a60bdb e-flex e-con-boxed e-con e-parent\" data-id=\"2a60bdb\" data-element_type=\"container\">\n\t\t\t\t\t<div class=\"e-con-inner\">\n\t\t\t\t<div class=\"elementor-element elementor-element-bbed41e elementor-widget-divider--view-line elementor-widget elementor-widget-divider\" data-id=\"bbed41e\" data-element_type=\"widget\" data-widget_type=\"divider.default\">\n\t\t\t\t<div class=\"elementor-widget-container\">\n\t\t\t\t\t\t\t<div class=\"elementor-divider\">\n\t\t\t<span class=\"elementor-divider-separator\">\n\t\t\t\t\t\t<\/span>\n\t\t<\/div>\n\t\t\t\t\t\t<\/div>\n\t\t\t\t<\/div>\n\t\t\t\t\t<\/div>\n\t\t\t\t<\/div>\n\t\t<div class=\"elementor-element elementor-element-302b7c1 e-flex e-con-boxed e-con e-parent\" data-id=\"302b7c1\" data-element_type=\"container\">\n\t\t\t\t\t<div class=\"e-con-inner\">\n\t\t\t\t<div class=\"elementor-element elementor-element-2429847 bdt-scroll-effect-yes elementor-widget elementor-widget-heading\" data-id=\"2429847\" data-element_type=\"widget\" data-settings=\"{&quot;ep_widget_sf_fx_enable&quot;:&quot;yes&quot;}\" data-widget_type=\"heading.default\">\n\t\t\t\t<div class=\"elementor-widget-container\">\n\t\t\t\t\t<h2 class=\"elementor-heading-title elementor-size-default\">\u041d\u0430\u0448\u0430 \u043f\u043e\u043b\u0438\u0442\u0438\u043a\u0430 \u0432 \u043e\u0431\u043b\u0430\u0441\u0442\u0438 \u043a\u0430\u0447\u0435\u0441\u0442\u0432\u0430<\/h2>\t\t\t\t<\/div>\n\t\t\t\t<\/div>\n\t\t\t\t<div class=\"elementor-element elementor-element-a5d192a elementor-widget elementor-widget-text-editor\" data-id=\"a5d192a\" data-element_type=\"widget\" data-widget_type=\"text-editor.default\">\n\t\t\t\t<div class=\"elementor-widget-container\">\n\t\t\t\t\t\t\t\t\t<p>\u0412 Gizir \u043c\u044b \u0441\u0442\u0430\u0432\u0438\u043c \u0443\u0434\u043e\u0432\u043b\u0435\u0442\u0432\u043e\u0440\u0435\u043d\u043d\u043e\u0441\u0442\u044c \u043a\u043b\u0438\u0435\u043d\u0442\u043e\u0432 \u043d\u0430 \u043f\u0435\u0440\u0432\u043e\u0435 \u043c\u0435\u0441\u0442\u043e, \u0438\u0441\u043f\u043e\u043b\u044c\u0437\u0443\u044f \u0438\u043d\u043d\u043e\u0432\u0430\u0446\u0438\u043e\u043d\u043d\u044b\u0439 \u043f\u043e\u0434\u0445\u043e\u0434, \u043e\u0431\u0435\u0441\u043f\u0435\u0447\u0438\u0432\u0430\u044e\u0449\u0438\u0439 \u0431\u0435\u0441\u043a\u043e\u043c\u043f\u0440\u043e\u043c\u0438\u0441\u0441\u043d\u043e\u0435 \u043a\u0430\u0447\u0435\u0441\u0442\u0432\u043e \u0438 \u043f\u0440\u0435\u0432\u043e\u0441\u0445\u043e\u0434\u0441\u0442\u0432\u043e. \u0420\u0430\u0431\u043e\u0442\u0430\u044f \u043d\u0430 \u043d\u0430\u0448\u0435\u043c \u043f\u0435\u0440\u0435\u0434\u043e\u0432\u043e\u043c \u043f\u0440\u0435\u0434\u043f\u0440\u0438\u044f\u0442\u0438\u0438 \u043f\u043b\u043e\u0449\u0430\u0434\u044c\u044e 100 000 \u043c\u00b2, \u043c\u044b \u0441\u043e\u0431\u043b\u044e\u0434\u0430\u0435\u043c \u043c\u0435\u0436\u0434\u0443\u043d\u0430\u0440\u043e\u0434\u043d\u044b\u0435 \u0441\u0442\u0430\u043d\u0434\u0430\u0440\u0442\u044b, \u043f\u0440\u0435\u0434\u043b\u0430\u0433\u0430\u044f \u0431\u044b\u0441\u0442\u0440\u044b\u0435, \u043d\u0430\u0434\u0435\u0436\u043d\u044b\u0435 \u0438 \u044d\u043a\u043e\u043b\u043e\u0433\u0438\u0447\u043d\u044b\u0435 \u0440\u0435\u0448\u0435\u043d\u0438\u044f. \u0417\u0430\u0449\u0438\u0449\u0430\u044f \u043e\u043a\u0440\u0443\u0436\u0430\u044e\u0449\u0443\u044e \u0441\u0440\u0435\u0434\u0443, \u043e\u0431\u0435\u0441\u043f\u0435\u0447\u0438\u0432\u0430\u044f \u0431\u0435\u0437\u043e\u043f\u0430\u0441\u043d\u043e\u0441\u0442\u044c \u0434\u0430\u043d\u043d\u044b\u0445 \u0438 \u044d\u0444\u0444\u0435\u043a\u0442\u0438\u0432\u043d\u043e \u0438\u0441\u043f\u043e\u043b\u044c\u0437\u0443\u044f \u0440\u0435\u0441\u0443\u0440\u0441\u044b, \u043c\u044b \u0441\u0442\u0440\u0435\u043c\u0438\u043c\u0441\u044f \u043e\u0441\u0442\u0430\u0432\u0430\u0442\u044c\u0441\u044f \u043e\u0434\u043d\u043e\u0439 \u0438\u0437 \u0432\u0435\u0434\u0443\u0449\u0438\u0445 \u043a\u043e\u043c\u043f\u0430\u043d\u0438\u0439 \u0432 \u0441\u0432\u043e\u0435\u043c \u0441\u0435\u043a\u0442\u043e\u0440\u0435. \u0411\u043b\u0430\u0433\u043e\u0434\u0430\u0440\u044f \u043f\u043e\u0441\u0442\u043e\u044f\u043d\u043d\u043e\u043c\u0443 \u0441\u043e\u0432\u0435\u0440\u0448\u0435\u043d\u0441\u0442\u0432\u043e\u0432\u0430\u043d\u0438\u044e, \u043e\u0431\u0443\u0447\u0435\u043d\u0438\u044e \u0438 \u0432\u043e\u0432\u043b\u0435\u0447\u0435\u043d\u0438\u044e \u0441\u043e\u0442\u0440\u0443\u0434\u043d\u0438\u043a\u043e\u0432 \u043c\u044b \u0444\u043e\u0440\u043c\u0438\u0440\u0443\u0435\u043c \u043a\u0443\u043b\u044c\u0442\u0443\u0440\u0443 \u043a\u0430\u0447\u0435\u0441\u0442\u0432\u0430, \u0431\u0435\u0437\u043e\u043f\u0430\u0441\u043d\u043e\u0441\u0442\u0438 \u0438 \u0443\u0441\u0442\u043e\u0439\u0447\u0438\u0432\u043e\u0433\u043e \u0440\u0430\u0437\u0432\u0438\u0442\u0438\u044f.<\/p>\t\t\t\t\t\t\t\t<\/div>\n\t\t\t\t<\/div>\n\t\t\t\t\t<\/div>\n\t\t\t\t<\/div>\n\t\t<div class=\"elementor-element elementor-element-3c9a4d1 e-flex e-con-boxed e-con e-parent\" data-id=\"3c9a4d1\" data-element_type=\"container\">\n\t\t\t\t\t<div class=\"e-con-inner\">\n\t\t\t\t<div class=\"elementor-element elementor-element-b5ccc97 elementor-widget-divider--view-line elementor-widget elementor-widget-divider\" data-id=\"b5ccc97\" data-element_type=\"widget\" data-widget_type=\"divider.default\">\n\t\t\t\t<div class=\"elementor-widget-container\">\n\t\t\t\t\t\t\t<div class=\"elementor-divider\">\n\t\t\t<span class=\"elementor-divider-separator\">\n\t\t\t\t\t\t<\/span>\n\t\t<\/div>\n\t\t\t\t\t\t<\/div>\n\t\t\t\t<\/div>\n\t\t\t\t\t<\/div>\n\t\t\t\t<\/div>\n\t\t<div class=\"elementor-element elementor-element-ac60c94 e-flex e-con-boxed e-con e-parent\" data-id=\"ac60c94\" data-element_type=\"container\">\n\t\t\t\t\t<div class=\"e-con-inner\">\n\t\t\t\t<div class=\"elementor-element elementor-element-608def4 elementor-widget-divider--view-line elementor-widget elementor-widget-divider\" data-id=\"608def4\" data-element_type=\"widget\" data-widget_type=\"divider.default\">\n\t\t\t\t<div class=\"elementor-widget-container\">\n\t\t\t\t\t\t\t<div class=\"elementor-divider\">\n\t\t\t<span class=\"elementor-divider-separator\">\n\t\t\t\t\t\t<\/span>\n\t\t<\/div>\n\t\t\t\t\t\t<\/div>\n\t\t\t\t<\/div>\n\t\t\t\t\t<\/div>\n\t\t\t\t<\/div>\n\t\t<div class=\"elementor-element elementor-element-a5ec3bb e-flex e-con-boxed e-con e-parent\" data-id=\"a5ec3bb\" data-element_type=\"container\">\n\t\t\t\t\t<div class=\"e-con-inner\">\n\t\t\t\t<div class=\"elementor-element elementor-element-13d8dcf bdt-scroll-effect-yes elementor-widget elementor-widget-heading\" data-id=\"13d8dcf\" data-element_type=\"widget\" data-settings=\"{&quot;ep_widget_sf_fx_enable&quot;:&quot;yes&quot;}\" data-widget_type=\"heading.default\">\n\t\t\t\t<div class=\"elementor-widget-container\">\n\t\t\t\t\t<h2 class=\"elementor-heading-title elementor-size-default\">\u0421\u0444\u0435\u0440\u0430 \u0434\u0435\u044f\u0442\u0435\u043b\u044c\u043d\u043e\u0441\u0442\u0438 \u043a\u043e\u043c\u043f\u0430\u043d\u0438\u0438<\/h2>\t\t\t\t<\/div>\n\t\t\t\t<\/div>\n\t\t\t\t<div class=\"elementor-element elementor-element-f538cf2 elementor-widget elementor-widget-text-editor\" data-id=\"f538cf2\" data-element_type=\"widget\" data-widget_type=\"text-editor.default\">\n\t\t\t\t<div class=\"elementor-widget-container\">\n\t\t\t\t\t\t\t\t\t<p data-start=\"91\" data-end=\"217\">\u041d\u0430\u0448\u0430 \u043e\u0440\u0433\u0430\u043d\u0438\u0437\u0430\u0446\u0438\u044f \u043e\u043f\u0440\u0435\u0434\u0435\u043b\u0438\u043b\u0430 \u0433\u0440\u0430\u043d\u0438\u0446\u044b \u0438 \u043f\u0440\u0438\u043c\u0435\u043d\u0438\u043c\u043e\u0441\u0442\u044c \u0438\u043d\u0442\u0435\u0433\u0440\u0438\u0440\u043e\u0432\u0430\u043d\u043d\u043e\u0439 \u0441\u0438\u0441\u0442\u0435\u043c\u044b \u043c\u0435\u043d\u0435\u0434\u0436\u043c\u0435\u043d\u0442\u0430, \u0447\u0442\u043e\u0431\u044b \u043e\u043f\u0440\u0435\u0434\u0435\u043b\u0438\u0442\u044c \u043e\u0431\u043b\u0430\u0441\u0442\u044c \u0435\u0435 \u043f\u0440\u0438\u043c\u0435\u043d\u0435\u043d\u0438\u044f. <span style=\"font-size: inherit;\">\u041d\u0430 \u043d\u0430\u0448\u0438\u0445 \u043f\u0440\u0435\u0434\u043f\u0440\u0438\u044f\u0442\u0438\u044f\u0445, \u0440\u0430\u0441\u043f\u043e\u043b\u043e\u0436\u0435\u043d\u043d\u044b\u0445 \u0432 Adana Hac\u0131 Sabanc\u0131 OSB, \u00c7anakkale Cad. No:17, 01350 Sar\u0131\u00e7am \u2013 \u0410\u0434\u0430\u043d\u0430 \/ \u0422\u0443\u0440\u0446\u0438\u044f, \u043c\u044b \u043e\u0441\u0443\u0449\u0435\u0441\u0442\u0432\u043b\u044f\u0435\u043c \u043f\u0440\u043e\u0435\u043a\u0442\u0438\u0440\u043e\u0432\u0430\u043d\u0438\u0435, \u043f\u0440\u043e\u0438\u0437\u0432\u043e\u0434\u0441\u0442\u0432\u043e, \u0438\u043c\u043f\u043e\u0440\u0442 \u0438 \u044d\u043a\u0441\u043f\u043e\u0440\u0442 \u0434\u0435\u0440\u0435\u0432\u044f\u043d\u043d\u044b\u0445 \u043f\u0440\u043e\u0444\u0438\u043b\u0435\u0439, \u043f\u0430\u043d\u0435\u043b\u0435\u0439, \u043a\u0440\u044b\u0448\u0435\u043a, \u043b\u0430\u043c\u0438\u043d\u0430\u0442\u043e\u0432 \u041c\u0414\u0424, \u043b\u0430\u043c\u0438\u043d\u0430\u0442\u043e\u0432 \u0414\u0421\u041f, \u043f\u0430\u043d\u0435\u043b\u0435\u0439 \u0441 \u043f\u043e\u043a\u0440\u044b\u0442\u0438\u0435\u043c \u041f\u0412\u0425, \u043f\u0430\u043d\u0435\u043b\u0435\u0439 \u0441 \u043f\u043e\u043a\u0440\u044b\u0442\u0438\u0435\u043c \u041f\u042d\u0422 (Polylac), \u043f\u0430\u043d\u0435\u043b\u0435\u0439 \u0441 \u0430\u043a\u0440\u0438\u043b\u043e\u0432\u044b\u043c \u043f\u043e\u043a\u0440\u044b\u0442\u0438\u0435\u043c \u0438 \u0434\u0435\u0440\u0435\u0432\u044f\u043d\u043d\u044b\u0445 \u043f\u0430\u043d\u0435\u043b\u0435\u0439.<\/span><\/p>\t\t\t\t\t\t\t\t<\/div>\n\t\t\t\t<\/div>\n\t\t\t\t\t<\/div>\n\t\t\t\t<\/div>\n\t\t<div class=\"elementor-element elementor-element-0aee559 e-flex e-con-boxed e-con e-parent\" data-id=\"0aee559\" data-element_type=\"container\">\n\t\t\t\t\t<div class=\"e-con-inner\">\n\t\t\t\t<div class=\"elementor-element elementor-element-50d7069 elementor-widget-divider--view-line elementor-widget elementor-widget-divider\" data-id=\"50d7069\" data-element_type=\"widget\" data-widget_type=\"divider.default\">\n\t\t\t\t<div class=\"elementor-widget-container\">\n\t\t\t\t\t\t\t<div class=\"elementor-divider\">\n\t\t\t<span class=\"elementor-divider-separator\">\n\t\t\t\t\t\t<\/span>\n\t\t<\/div>\n\t\t\t\t\t\t<\/div>\n\t\t\t\t<\/div>\n\t\t\t\t\t<\/div>\n\t\t\t\t<\/div>\n\t\t\t\t<\/div>","protected":false},"excerpt":{"rendered":"<p>Quality &amp; Company Scope Committed to quality, open to the world. Our Quality Policy At Gizir, we prioritize customer satisfaction with an [&hellip;]<\/p>","protected":false},"author":1,"featured_media":1996,"parent":0,"menu_order":0,"comment_status":"closed","ping_status":"closed","template":"","meta":{"_acf_changed":false,"footnotes":""},"class_list":["post-1391","page","type-page","status-publish","has-post-thumbnail","hentry"],"acf":[],"_links":{"self":[{"href":"https:\/\/www.gizir.com\/ru\/wp-json\/wp\/v2\/pages\/1391","targetHints":{"allow":["GET"]}}],"collection":[{"href":"https:\/\/www.gizir.com\/ru\/wp-json\/wp\/v2\/pages"}],"about":[{"href":"https:\/\/www.gizir.com\/ru\/wp-json\/wp\/v2\/types\/page"}],"author":[{"embeddable":true,"href":"https:\/\/www.gizir.com\/ru\/wp-json\/wp\/v2\/users\/1"}],"replies":[{"embeddable":true,"href":"https:\/\/www.gizir.com\/ru\/wp-json\/wp\/v2\/comments?post=1391"}],"version-history":[{"count":13,"href":"https:\/\/www.gizir.com\/ru\/wp-json\/wp\/v2\/pages\/1391\/revisions"}],"predecessor-version":[{"id":2085,"href":"https:\/\/www.gizir.com\/ru\/wp-json\/wp\/v2\/pages\/1391\/revisions\/2085"}],"wp:featuredmedia":[{"embeddable":true,"href":"https:\/\/www.gizir.com\/ru\/wp-json\/wp\/v2\/media\/1996"}],"wp:attachment":[{"href":"https:\/\/www.gizir.com\/ru\/wp-json\/wp\/v2\/media?parent=1391"}],"curies":[{"name":"WP","href":"https:\/\/api.w.org\/{rel}","templated":true}]}}