{"id":502,"date":"2025-06-13T20:19:49","date_gmt":"2025-06-13T20:19:49","guid":{"rendered":"https:\/\/www.gizir.com\/?post_type=product&amp;p=100"},"modified":"2025-06-13T20:19:49","modified_gmt":"2025-06-13T20:19:49","slug":"s010-s-m-white","status":"publish","type":"product","link":"https:\/\/www.gizir.com\/fr\/product\/s010-s-m-white\/","title":{"rendered":"S010 | SM Blanc"},"content":{"rendered":"<table border=\"1\" cellspacing=\"0\" cellpadding=\"6\">\n<thead>\n<tr>\n<th>NON<\/th>\n<th>FONCTIONNALIT\u00c9<\/th>\n<th>VALEUR<\/th>\n<th>R\u00c9SULTAT <br \/>(Super mat)<\/th>\n<th>STANDARD<\/th>\n<\/tr>\n<\/thead>\n<tbody>\n<tr>\n<td>1<\/td>\n<td>Niveau de brillance (angle de 60\u00b0)<\/td>\n<td>&#8211;<\/td>\n<td>5 GU<\/td>\n<td>TS EN 14323<\/td>\n<\/tr>\n<tr>\n<td>2<\/td>\n<td>R\u00e9sistance aux rayures<\/td>\n<td>H<\/td>\n<td>3H<\/td>\n<td>TS 7385<\/td>\n<\/tr>\n<tr>\n<td>3<\/td>\n<td>\u00c9valuation de la r\u00e9sistance superficielle \u00e0 la chaleur humide (85\u00b0C)<\/td>\n<td>5<\/td>\n<td>5 (Aucun changement)<\/td>\n<td>TS EN 12721+A1:2014:02<\/td>\n<\/tr>\n<tr>\n<td>4<\/td>\n<td>\u00c9valuation de la r\u00e9sistance superficielle \u00e0 la chaleur s\u00e8che (70\u00b0C)<\/td>\n<td>5<\/td>\n<td>5 (Aucun changement)<\/td>\n<td>TS EN 12722+A1:2014:02<\/td>\n<\/tr>\n<tr>\n<td>5<\/td>\n<td>R\u00e9sistance \u00e0 l&#039;abrasion de surface<\/td>\n<td>5<\/td>\n<td>250 r\u00e9v. (Classe 4)<\/td>\n<td>TS EN 14323 : 2021-12 6.9<\/td>\n<\/tr>\n<tr>\n<td>6<\/td>\n<td>Comportement face \u00e0 l&#039;impact d&#039;une bille d&#039;acier qui tombe<\/td>\n<td>5<\/td>\n<td>2 (Il y a du changement)<\/td>\n<td>TS EN 14323:2021-12 6.13<\/td>\n<\/tr>\n<tr>\n<td>7<\/td>\n<td>Test de r\u00e9sistance \u00e0 la vapeur d&#039;eau<\/td>\n<td>5<\/td>\n<td>2 (Il y a du changement)<\/td>\n<td>TS EN 14323:2021-21, art. 6.10<\/td>\n<\/tr>\n<tr>\n<td>8<\/td>\n<td>R\u00e9sistance aux taches<\/td>\n<td>5<\/td>\n<td>5 (Aucun changement)<\/td>\n<td>TS EN 14323 6.6<\/td>\n<\/tr>\n<tr>\n<td>9<\/td>\n<td>\u00c9valuation de la r\u00e9sistance de surface aux liquides chimiques froids<br \/>(Acide ac\u00e9tique, ac\u00e9tone, solution d&#039;ammoniaque, acide citrique, agent nettoyant, etc.)<\/td>\n<td>5<\/td>\n<td>5 (Aucun changement)<\/td>\n<td>TS EN 12720:2009+A1:2014-02<\/td>\n<\/tr>\n<tr>\n<td>10<\/td>\n<td>R\u00e9sistance des couleurs \u00e0 la lumi\u00e8re<\/td>\n<td>5<\/td>\n<td>5. Note<\/td>\n<td>TS EN 15187<\/td>\n<\/tr>\n<tr>\n<td>11<\/td>\n<td>Tol\u00e9rance d&#039;\u00e9paisseur<\/td>\n<td>&#8211;<\/td>\n<td>\u00b1 0,30 mm<\/td>\n<td>TS EN 324-1<\/td>\n<\/tr>\n<tr>\n<td>12<\/td>\n<td>Tol\u00e9rance \u00e0 l&#039;arc<\/td>\n<td>&#8211;<\/td>\n<td>3,5 mm \/ m<\/td>\n<td>Gizir<\/td>\n<\/tr>\n<tr>\n<td>13<\/td>\n<td>Tol\u00e9rance de largeur et de longueur<\/td>\n<td>&#8211;<\/td>\n<td>\u00b1 5 mm \/ m<\/td>\n<td>TS EN 324-1<\/td>\n<\/tr>\n<\/tbody>\n<\/table>","protected":false},"excerpt":{"rendered":"<p>NO FEATURE VALUE RESULT (Super matt) STANDARD 1 Gloss level (60\u00b0 angle) &#8211; 5 GU TS EN 14323 2 Scratch resistance H [&hellip;]<\/p>","protected":false},"featured_media":252,"comment_status":"open","ping_status":"closed","template":"","meta":{"_acf_changed":false},"product_brand":[],"product_cat":[15],"product_tag":[],"class_list":{"0":"post-502","1":"product","2":"type-product","3":"status-publish","4":"has-post-thumbnail","6":"product_cat-panel","8":"first","9":"instock","10":"shipping-taxable","11":"product-type-simple"},"acf":[],"_links":{"self":[{"href":"https:\/\/www.gizir.com\/fr\/wp-json\/wp\/v2\/product\/502","targetHints":{"allow":["GET"]}}],"collection":[{"href":"https:\/\/www.gizir.com\/fr\/wp-json\/wp\/v2\/product"}],"about":[{"href":"https:\/\/www.gizir.com\/fr\/wp-json\/wp\/v2\/types\/product"}],"replies":[{"embeddable":true,"href":"https:\/\/www.gizir.com\/fr\/wp-json\/wp\/v2\/comments?post=502"}],"wp:featuredmedia":[{"embeddable":true,"href":"https:\/\/www.gizir.com\/fr\/wp-json\/wp\/v2\/media\/252"}],"wp:attachment":[{"href":"https:\/\/www.gizir.com\/fr\/wp-json\/wp\/v2\/media?parent=502"}],"wp:term":[{"taxonomy":"product_brand","embeddable":true,"href":"https:\/\/www.gizir.com\/fr\/wp-json\/wp\/v2\/product_brand?post=502"},{"taxonomy":"product_cat","embeddable":true,"href":"https:\/\/www.gizir.com\/fr\/wp-json\/wp\/v2\/product_cat?post=502"},{"taxonomy":"product_tag","embeddable":true,"href":"https:\/\/www.gizir.com\/fr\/wp-json\/wp\/v2\/product_tag?post=502"}],"curies":[{"name":"wp","href":"https:\/\/api.w.org\/{rel}","templated":true}]}}