{"id":4174,"date":"2025-12-10T16:22:36","date_gmt":"2025-12-10T13:22:36","guid":{"rendered":"https:\/\/www.gizir.com\/?post_type=product&#038;p=4174"},"modified":"2026-02-20T08:28:27","modified_gmt":"2026-02-20T05:28:27","slug":"9407-polylac-panel","status":"publish","type":"product","link":"https:\/\/www.gizir.com\/fr\/product\/9407-polylac-panel\/","title":{"rendered":"9407 Gris \u00e9l\u00e9gant"},"content":{"rendered":"<p class=\"polylac-text\">9407 Polylac Panel, un panneau en polylac de style moderne, est un panneau nu-bej tonu ile ya\u015fam alanlar\u0131na yumu\u015fak et elegan bir g\u00f6r\u00fcn\u00fcm kazand\u0131r\u0131r. Vous avez choisi d&#039;utiliser l&#039;ourlet moderne de la d\u00e9coration classique pour vous aider \u00e0 le faire. C&#039;est pourquoi vous avez besoin de plusieurs technologies pour vous aider \u00e0 utiliser l&#039;appareil mobile afin de pouvoir le faire fonctionner correctement. Donc, sakin ve huzurlu bir ambiyans yaratmak isteyen projeter i\u00e7in m\u00fckemmel bir tercihtir.<\/p>","protected":false},"excerpt":{"rendered":"<p>9407 Polylac Panel, un panneau en polylac de style moderne, est un panneau nu-bej tonu ile ya\u015fam alanlar\u0131na yumu\u015fak et elegan bir g\u00f6r\u00fcn\u00fcm kazand\u0131r\u0131r. Y\u00fcksek parlakl\u0131kta [\u2026]<\/p>","protected":false},"featured_media":4433,"comment_status":"open","ping_status":"closed","template":"","meta":{"_acf_changed":false},"product_brand":[],"product_cat":[15,51],"product_tag":[],"class_list":{"0":"post-4174","1":"product","2":"type-product","3":"status-publish","4":"has-post-thumbnail","6":"product_cat-panel","7":"product_cat-polylac","9":"first","10":"instock","11":"shipping-taxable","12":"product-type-simple"},"acf":[],"_links":{"self":[{"href":"https:\/\/www.gizir.com\/fr\/wp-json\/wp\/v2\/product\/4174","targetHints":{"allow":["GET"]}}],"collection":[{"href":"https:\/\/www.gizir.com\/fr\/wp-json\/wp\/v2\/product"}],"about":[{"href":"https:\/\/www.gizir.com\/fr\/wp-json\/wp\/v2\/types\/product"}],"replies":[{"embeddable":true,"href":"https:\/\/www.gizir.com\/fr\/wp-json\/wp\/v2\/comments?post=4174"}],"wp:featuredmedia":[{"embeddable":true,"href":"https:\/\/www.gizir.com\/fr\/wp-json\/wp\/v2\/media\/4433"}],"wp:attachment":[{"href":"https:\/\/www.gizir.com\/fr\/wp-json\/wp\/v2\/media?parent=4174"}],"wp:term":[{"taxonomy":"product_brand","embeddable":true,"href":"https:\/\/www.gizir.com\/fr\/wp-json\/wp\/v2\/product_brand?post=4174"},{"taxonomy":"product_cat","embeddable":true,"href":"https:\/\/www.gizir.com\/fr\/wp-json\/wp\/v2\/product_cat?post=4174"},{"taxonomy":"product_tag","embeddable":true,"href":"https:\/\/www.gizir.com\/fr\/wp-json\/wp\/v2\/product_tag?post=4174"}],"curies":[{"name":"wp","href":"https:\/\/api.w.org\/{rel}","templated":true}]}}