{"id":2864,"date":"2025-09-03T09:56:54","date_gmt":"2025-09-03T06:56:54","guid":{"rendered":"https:\/\/www.gizir.com\/?post_type=product&#038;p=2864"},"modified":"2025-09-03T15:28:05","modified_gmt":"2025-09-03T12:28:05","slug":"as35-acrylic-panel","status":"publish","type":"product","link":"https:\/\/www.gizir.com\/fr\/product\/as35-acrylic-panel\/","title":{"rendered":"AS35 \u2013 Panneau acrylique"},"content":{"rendered":"<p>Gizir utilise le meilleur acrylique actuellement disponible sur le march\u00e9\u00a0: le Senosan Am1800TopX. Il s&#039;est forg\u00e9 une r\u00e9putation mondiale pour ses plaques acryliques haute brillance. Ces plaques performantes et sans PVC sont lamin\u00e9es sur du MDF pour \u00eatre utilis\u00e9es dans l&#039;industrie du meuble. Ce domaine d&#039;application s&#039;\u00e9tend \u00e0 tous les types de meubles pour la cuisine, la salle de bain, le salon, la chambre, le bureau et bien plus encore, sous forme de plaques rev\u00eatues d&#039;une surface haute brillance.<\/p>\n<p>Les panneaux acryliques r\u00e9sistants aux rayures Gizir, avec leur effet de surface et de profondeur, offrent un aspect brillant incomparable. Ils se distinguent par leur r\u00e9sistance exceptionnelle aux rayures et aux UV, ainsi que par leur respect de l&#039;environnement. Tous les produits sont con\u00e7us sp\u00e9cifiquement pour leur client\u00e8le cible\u00a0: fabricants, fournisseurs, lamineurs et designers de meubles.<\/p>","protected":false},"excerpt":{"rendered":"<p>Gizir uses the best Acrylic on the market today. The Senosan Am1800TopX. It has achieved a worldwide name for Acrylic High Gloss [&hellip;]<\/p>","protected":false},"featured_media":2861,"comment_status":"open","ping_status":"closed","template":"","meta":{"_acf_changed":false},"product_brand":[],"product_cat":[15,56,113],"product_tag":[],"class_list":{"0":"post-2864","1":"product","2":"type-product","3":"status-publish","4":"has-post-thumbnail","6":"product_cat-panel","7":"product_cat-acrylic-panel","8":"product_cat-vision-pro","10":"first","11":"instock","12":"shipping-taxable","13":"product-type-simple"},"acf":[],"_links":{"self":[{"href":"https:\/\/www.gizir.com\/fr\/wp-json\/wp\/v2\/product\/2864","targetHints":{"allow":["GET"]}}],"collection":[{"href":"https:\/\/www.gizir.com\/fr\/wp-json\/wp\/v2\/product"}],"about":[{"href":"https:\/\/www.gizir.com\/fr\/wp-json\/wp\/v2\/types\/product"}],"replies":[{"embeddable":true,"href":"https:\/\/www.gizir.com\/fr\/wp-json\/wp\/v2\/comments?post=2864"}],"wp:featuredmedia":[{"embeddable":true,"href":"https:\/\/www.gizir.com\/fr\/wp-json\/wp\/v2\/media\/2861"}],"wp:attachment":[{"href":"https:\/\/www.gizir.com\/fr\/wp-json\/wp\/v2\/media?parent=2864"}],"wp:term":[{"taxonomy":"product_brand","embeddable":true,"href":"https:\/\/www.gizir.com\/fr\/wp-json\/wp\/v2\/product_brand?post=2864"},{"taxonomy":"product_cat","embeddable":true,"href":"https:\/\/www.gizir.com\/fr\/wp-json\/wp\/v2\/product_cat?post=2864"},{"taxonomy":"product_tag","embeddable":true,"href":"https:\/\/www.gizir.com\/fr\/wp-json\/wp\/v2\/product_tag?post=2864"}],"curies":[{"name":"wp","href":"https:\/\/api.w.org\/{rel}","templated":true}]}}