{"id":2854,"date":"2025-09-03T09:50:10","date_gmt":"2025-09-03T06:50:10","guid":{"rendered":"https:\/\/www.gizir.com\/?post_type=product&#038;p=2854"},"modified":"2025-09-03T15:28:35","modified_gmt":"2025-09-03T12:28:35","slug":"a120-acrylic-panel","status":"publish","type":"product","link":"https:\/\/www.gizir.com\/fr\/product\/a120-acrylic-panel\/","title":{"rendered":"A120 \u2013 Panneau acrylique"},"content":{"rendered":"<p>Les panneaux acryliques sont fabriqu\u00e9s par application d&#039;une feuille acrylique sur la surface brute de panneaux MDF lamin\u00e9s sur une face. Leur surface brillante est parfaitement r\u00e9sistante \u00e0 l&#039;eau et \u00e0 l&#039;humidit\u00e9, et ils sont faciles \u00e0 nettoyer. Gr\u00e2ce \u00e0 leur couche sup\u00e9rieure protectrice anti-UV, la couleur et la brillance de leurs motifs sont pr\u00e9serv\u00e9es pendant de nombreuses ann\u00e9es, offrant \u00e0 leur propri\u00e9taire un aspect toujours neuf. Les panneaux acryliques ne contiennent aucune substance canc\u00e9rig\u00e8ne ni dangereuse. Ce produit est id\u00e9al pour les cuisines, salles de bains, salons, chambres, meubles d&#039;h\u00f4tel, meubles de bureau, portes d&#039;armoires et rev\u00eatements muraux.<\/p>","protected":false},"excerpt":{"rendered":"<p>Les panneaux acryliques sont fabriqu\u00e9s par application d&#039;une feuille acrylique sur la surface brute de panneaux MDF stratifi\u00e9s sur une seule face. Ils pr\u00e9sentent [\u2026]<\/p>","protected":false},"featured_media":2841,"comment_status":"open","ping_status":"closed","template":"","meta":{"_acf_changed":false},"product_brand":[],"product_cat":[15,56,112],"product_tag":[],"class_list":{"0":"post-2854","1":"product","2":"type-product","3":"status-publish","4":"has-post-thumbnail","6":"product_cat-panel","7":"product_cat-acrylic-panel","8":"product_cat-vision-plus","10":"first","11":"instock","12":"shipping-taxable","13":"product-type-simple"},"acf":[],"_links":{"self":[{"href":"https:\/\/www.gizir.com\/fr\/wp-json\/wp\/v2\/product\/2854","targetHints":{"allow":["GET"]}}],"collection":[{"href":"https:\/\/www.gizir.com\/fr\/wp-json\/wp\/v2\/product"}],"about":[{"href":"https:\/\/www.gizir.com\/fr\/wp-json\/wp\/v2\/types\/product"}],"replies":[{"embeddable":true,"href":"https:\/\/www.gizir.com\/fr\/wp-json\/wp\/v2\/comments?post=2854"}],"wp:featuredmedia":[{"embeddable":true,"href":"https:\/\/www.gizir.com\/fr\/wp-json\/wp\/v2\/media\/2841"}],"wp:attachment":[{"href":"https:\/\/www.gizir.com\/fr\/wp-json\/wp\/v2\/media?parent=2854"}],"wp:term":[{"taxonomy":"product_brand","embeddable":true,"href":"https:\/\/www.gizir.com\/fr\/wp-json\/wp\/v2\/product_brand?post=2854"},{"taxonomy":"product_cat","embeddable":true,"href":"https:\/\/www.gizir.com\/fr\/wp-json\/wp\/v2\/product_cat?post=2854"},{"taxonomy":"product_tag","embeddable":true,"href":"https:\/\/www.gizir.com\/fr\/wp-json\/wp\/v2\/product_tag?post=2854"}],"curies":[{"name":"wp","href":"https:\/\/api.w.org\/{rel}","templated":true}]}}