{"id":2303,"date":"2025-08-28T16:06:25","date_gmt":"2025-08-28T13:06:25","guid":{"rendered":"https:\/\/www.gizir.com\/?post_type=product&#038;p=2303"},"modified":"2025-09-05T09:41:09","modified_gmt":"2025-09-05T06:41:09","slug":"profil-1-skirting-profiles","status":"publish","type":"product","link":"https:\/\/www.gizir.com\/fr\/product\/profil-1-skirting-profiles\/","title":{"rendered":"PROFIL 1 \u2013 PROFILS DE PLINTHES"},"content":{"rendered":"<p>D\u00e9couvrez l&#039;\u00e9l\u00e9gance des plinthes Gizir haut de gamme, fabriqu\u00e9es en MDF de haute qualit\u00e9 et recouvertes d&#039;un film super mat doux au toucher, lamin\u00e9 avec expertise. Durables et antibact\u00e9riennes, les plinthes Gizir offrent un toucher soyeux et un entretien facile. Sublimez votre espace gr\u00e2ce \u00e0 notre option PP peignable, adapt\u00e9e \u00e0 votre style. Adoptez sophistication et fonctionnalit\u00e9 dans une solution unique et harmonieuse, parfaite pour sublimer tout int\u00e9rieur avec un style intemporel et une qualit\u00e9 durable.<\/p>\n<p>*Des conceptions personnalis\u00e9es peuvent \u00eatre produites sur demande du client.<\/p>","protected":false},"excerpt":{"rendered":"<p>D\u00e9couvrez l&#039;\u00e9l\u00e9gance des plinthes haut de gamme Gizir, fabriqu\u00e9es en MDF de haute qualit\u00e9 et recouvertes d&#039;un film mat doux au toucher, lamin\u00e9 avec expertise. Durables et antibact\u00e9riennes, les plinthes Gizir [\u2026]<\/p>","protected":false},"featured_media":2317,"comment_status":"open","ping_status":"closed","template":"","meta":{"_acf_changed":false},"product_brand":[],"product_cat":[36,67],"product_tag":[],"class_list":{"0":"post-2303","1":"product","2":"type-product","3":"status-publish","4":"has-post-thumbnail","6":"product_cat-profile-models","7":"product_cat-skirting-profiles","9":"first","10":"instock","11":"shipping-taxable","12":"product-type-simple"},"acf":[],"_links":{"self":[{"href":"https:\/\/www.gizir.com\/fr\/wp-json\/wp\/v2\/product\/2303","targetHints":{"allow":["GET"]}}],"collection":[{"href":"https:\/\/www.gizir.com\/fr\/wp-json\/wp\/v2\/product"}],"about":[{"href":"https:\/\/www.gizir.com\/fr\/wp-json\/wp\/v2\/types\/product"}],"replies":[{"embeddable":true,"href":"https:\/\/www.gizir.com\/fr\/wp-json\/wp\/v2\/comments?post=2303"}],"wp:featuredmedia":[{"embeddable":true,"href":"https:\/\/www.gizir.com\/fr\/wp-json\/wp\/v2\/media\/2317"}],"wp:attachment":[{"href":"https:\/\/www.gizir.com\/fr\/wp-json\/wp\/v2\/media?parent=2303"}],"wp:term":[{"taxonomy":"product_brand","embeddable":true,"href":"https:\/\/www.gizir.com\/fr\/wp-json\/wp\/v2\/product_brand?post=2303"},{"taxonomy":"product_cat","embeddable":true,"href":"https:\/\/www.gizir.com\/fr\/wp-json\/wp\/v2\/product_cat?post=2303"},{"taxonomy":"product_tag","embeddable":true,"href":"https:\/\/www.gizir.com\/fr\/wp-json\/wp\/v2\/product_tag?post=2303"}],"curies":[{"name":"wp","href":"https:\/\/api.w.org\/{rel}","templated":true}]}}