{"id":2022,"date":"2025-08-27T12:12:59","date_gmt":"2025-08-27T09:12:59","guid":{"rendered":"https:\/\/www.gizir.com\/?post_type=product&#038;p=2022"},"modified":"2025-09-05T09:45:47","modified_gmt":"2025-09-05T06:45:47","slug":"pt38-ecomatt-panel-color","status":"publish","type":"product","link":"https:\/\/www.gizir.com\/fr\/product\/pt38-ecomatt-panel-color\/","title":{"rendered":"PT38 \u2013 COULEUR DU PANNEAU ECOMATT"},"content":{"rendered":"<p>Ecomatt offre une \u00e9l\u00e9gance durable gr\u00e2ce \u00e0 sa finition mate et \u00e0 son mat\u00e9riau \u00e9cologique. C&#039;est le choix id\u00e9al pour ceux qui recherchent des solutions \u00e9l\u00e9gantes, durables et faciles d&#039;entretien pour les int\u00e9rieurs modernes.<\/p>","protected":false},"excerpt":{"rendered":"<p>Ecomatt offre une \u00e9l\u00e9gance durable gr\u00e2ce \u00e0 sa finition mate et \u00e0 ses mat\u00e9riaux \u00e9cologiques. C&#039;est le choix id\u00e9al pour ceux qui recherchent un tapis \u00e9l\u00e9gant, r\u00e9sistant et facile d&#039;entretien.<\/p>","protected":false},"featured_media":2016,"comment_status":"open","ping_status":"closed","template":"","meta":{"_acf_changed":false},"product_brand":[],"product_cat":[15,64],"product_tag":[79],"class_list":{"0":"post-2022","1":"product","2":"type-product","3":"status-publish","4":"has-post-thumbnail","6":"product_cat-panel","7":"product_cat-ecomatt-panel","8":"product_tag-new","10":"first","11":"instock","12":"shipping-taxable","13":"product-type-simple"},"acf":[],"_links":{"self":[{"href":"https:\/\/www.gizir.com\/fr\/wp-json\/wp\/v2\/product\/2022","targetHints":{"allow":["GET"]}}],"collection":[{"href":"https:\/\/www.gizir.com\/fr\/wp-json\/wp\/v2\/product"}],"about":[{"href":"https:\/\/www.gizir.com\/fr\/wp-json\/wp\/v2\/types\/product"}],"replies":[{"embeddable":true,"href":"https:\/\/www.gizir.com\/fr\/wp-json\/wp\/v2\/comments?post=2022"}],"wp:featuredmedia":[{"embeddable":true,"href":"https:\/\/www.gizir.com\/fr\/wp-json\/wp\/v2\/media\/2016"}],"wp:attachment":[{"href":"https:\/\/www.gizir.com\/fr\/wp-json\/wp\/v2\/media?parent=2022"}],"wp:term":[{"taxonomy":"product_brand","embeddable":true,"href":"https:\/\/www.gizir.com\/fr\/wp-json\/wp\/v2\/product_brand?post=2022"},{"taxonomy":"product_cat","embeddable":true,"href":"https:\/\/www.gizir.com\/fr\/wp-json\/wp\/v2\/product_cat?post=2022"},{"taxonomy":"product_tag","embeddable":true,"href":"https:\/\/www.gizir.com\/fr\/wp-json\/wp\/v2\/product_tag?post=2022"}],"curies":[{"name":"wp","href":"https:\/\/api.w.org\/{rel}","templated":true}]}}