{"id":1785,"date":"2025-08-21T10:26:11","date_gmt":"2025-08-21T07:26:11","guid":{"rendered":"https:\/\/www.gizir.com\/?post_type=product&#038;p=1785"},"modified":"2025-09-09T08:56:45","modified_gmt":"2025-09-09T05:56:45","slug":"wp-18-wall-profile","status":"publish","type":"product","link":"https:\/\/www.gizir.com\/fr\/product\/wp-18-wall-profile\/","title":{"rendered":"WP 18 \u2013 PROFIL MURAL"},"content":{"rendered":"<p><strong>Pourquoi choisir les profil\u00e9s muraux Gizir ?<\/strong><\/p>\n<p>Pour r\u00e9pondre \u00e0 une vari\u00e9t\u00e9 de pr\u00e9f\u00e9rences esth\u00e9tiques, les profil\u00e9s muraux Gizir sont disponibles en finitions mates et ultra-mates. La personnalisation peut \u00eatre pouss\u00e9e plus loin gr\u00e2ce \u00e0 l&#039;application d&#039;un film PP \u00e0 peindre sur la surface des profil\u00e9s pour obtenir la couleur souhait\u00e9e.<\/p>\n<p>Fa\u00e7onn\u00e9 avec une pr\u00e9cision laser, en utilisant les machines de production de profils les plus avanc\u00e9es au monde dans les installations de Gizir, chaque profil est soigneusement lamin\u00e9, garantissant la qualit\u00e9 et la cr\u00e9ation de designs uniques et distingu\u00e9s.<\/p>\n<p>&nbsp;<\/p>\n<p><strong>*Les bandes LED peuvent \u00eatre command\u00e9es s\u00e9par\u00e9ment<\/strong><\/p>","protected":false},"excerpt":{"rendered":"<p>Why choose Gizir Wall Profiles ? Catering to a variety of aesthetic preferences, Gizir Wall Profiles can be produced in matte and [&hellip;]<\/p>","protected":false},"featured_media":3371,"comment_status":"open","ping_status":"closed","template":"","meta":{"_acf_changed":false},"product_brand":[],"product_cat":[65],"product_tag":[],"class_list":{"0":"post-1785","1":"product","2":"type-product","3":"status-publish","4":"has-post-thumbnail","6":"product_cat-wall-profiles","8":"first","9":"instock","10":"shipping-taxable","11":"product-type-simple"},"acf":[],"_links":{"self":[{"href":"https:\/\/www.gizir.com\/fr\/wp-json\/wp\/v2\/product\/1785","targetHints":{"allow":["GET"]}}],"collection":[{"href":"https:\/\/www.gizir.com\/fr\/wp-json\/wp\/v2\/product"}],"about":[{"href":"https:\/\/www.gizir.com\/fr\/wp-json\/wp\/v2\/types\/product"}],"replies":[{"embeddable":true,"href":"https:\/\/www.gizir.com\/fr\/wp-json\/wp\/v2\/comments?post=1785"}],"wp:featuredmedia":[{"embeddable":true,"href":"https:\/\/www.gizir.com\/fr\/wp-json\/wp\/v2\/media\/3371"}],"wp:attachment":[{"href":"https:\/\/www.gizir.com\/fr\/wp-json\/wp\/v2\/media?parent=1785"}],"wp:term":[{"taxonomy":"product_brand","embeddable":true,"href":"https:\/\/www.gizir.com\/fr\/wp-json\/wp\/v2\/product_brand?post=1785"},{"taxonomy":"product_cat","embeddable":true,"href":"https:\/\/www.gizir.com\/fr\/wp-json\/wp\/v2\/product_cat?post=1785"},{"taxonomy":"product_tag","embeddable":true,"href":"https:\/\/www.gizir.com\/fr\/wp-json\/wp\/v2\/product_tag?post=1785"}],"curies":[{"name":"wp","href":"https:\/\/api.w.org\/{rel}","templated":true}]}}