{"id":1718,"date":"2025-08-07T14:25:19","date_gmt":"2025-08-07T11:25:19","guid":{"rendered":"https:\/\/www.gizir.com\/?post_type=product&#038;p=1718"},"modified":"2025-09-03T15:35:41","modified_gmt":"2025-09-03T12:35:41","slug":"pt26-ecomatt-panel-color","status":"publish","type":"product","link":"https:\/\/www.gizir.com\/fr\/product\/pt26-ecomatt-panel-color\/","title":{"rendered":"PT26 \u2013 COULEUR DU PANNEAU ECOMATT"},"content":{"rendered":"<p>Ecomatt offre une \u00e9l\u00e9gance durable gr\u00e2ce \u00e0 sa finition mate et \u00e0 son mat\u00e9riau \u00e9cologique. C&#039;est le choix id\u00e9al pour ceux qui recherchent des solutions \u00e9l\u00e9gantes, durables et faciles d&#039;entretien pour les int\u00e9rieurs modernes.<\/p>","protected":false},"excerpt":{"rendered":"<p>Ecomatt offre une \u00e9l\u00e9gance durable gr\u00e2ce \u00e0 sa finition mate et \u00e0 ses mat\u00e9riaux \u00e9cologiques. C&#039;est le choix id\u00e9al pour ceux qui recherchent un tapis \u00e9l\u00e9gant, r\u00e9sistant et facile d&#039;entretien.<\/p>","protected":false},"featured_media":1719,"comment_status":"open","ping_status":"closed","template":"","meta":{"_acf_changed":false},"product_brand":[],"product_cat":[64],"product_tag":[],"class_list":{"0":"post-1718","1":"product","2":"type-product","3":"status-publish","4":"has-post-thumbnail","6":"product_cat-ecomatt-panel","8":"first","9":"instock","10":"shipping-taxable","11":"product-type-simple"},"acf":[],"_links":{"self":[{"href":"https:\/\/www.gizir.com\/fr\/wp-json\/wp\/v2\/product\/1718","targetHints":{"allow":["GET"]}}],"collection":[{"href":"https:\/\/www.gizir.com\/fr\/wp-json\/wp\/v2\/product"}],"about":[{"href":"https:\/\/www.gizir.com\/fr\/wp-json\/wp\/v2\/types\/product"}],"replies":[{"embeddable":true,"href":"https:\/\/www.gizir.com\/fr\/wp-json\/wp\/v2\/comments?post=1718"}],"wp:featuredmedia":[{"embeddable":true,"href":"https:\/\/www.gizir.com\/fr\/wp-json\/wp\/v2\/media\/1719"}],"wp:attachment":[{"href":"https:\/\/www.gizir.com\/fr\/wp-json\/wp\/v2\/media?parent=1718"}],"wp:term":[{"taxonomy":"product_brand","embeddable":true,"href":"https:\/\/www.gizir.com\/fr\/wp-json\/wp\/v2\/product_brand?post=1718"},{"taxonomy":"product_cat","embeddable":true,"href":"https:\/\/www.gizir.com\/fr\/wp-json\/wp\/v2\/product_cat?post=1718"},{"taxonomy":"product_tag","embeddable":true,"href":"https:\/\/www.gizir.com\/fr\/wp-json\/wp\/v2\/product_tag?post=1718"}],"curies":[{"name":"wp","href":"https:\/\/api.w.org\/{rel}","templated":true}]}}