{"id":1696,"date":"2025-08-07T13:57:00","date_gmt":"2025-08-07T10:57:00","guid":{"rendered":"https:\/\/www.gizir.com\/?post_type=product&#038;p=1696"},"modified":"2026-01-12T10:52:22","modified_gmt":"2026-01-12T07:52:22","slug":"3d04-3d-panel-design","status":"publish","type":"product","link":"https:\/\/www.gizir.com\/fr\/product\/3d04-3d-panel-design\/","title":{"rendered":"3D04 Horizon"},"content":{"rendered":"<div class=\"elementor-element elementor-element-e36dff2 e-flex e-con-boxed e-con e-parent e-lazyloaded\" data-id=\"e36dff2\" data-element_type=\"container\">\n<div class=\"e-con-inner\">\n<div class=\"elementor-element elementor-element-76b4e44 e-con-full e-flex e-con e-child\" data-id=\"76b4e44\" data-element_type=\"container\">\n<div class=\"elementor-element elementor-element-19d62a6 elementor-widget elementor-widget-text-editor\" data-id=\"19d62a6\" data-element_type=\"widget\" data-widget_type=\"text-editor.default\">\n<div class=\"elementor-widget-container\">\n<p><strong>Qu&#039;est-ce que le panneau 3D ?<\/strong><\/p>\n<p>Le panneau 3D est la toute derni\u00e8re solution innovante de Gizir pour le mobilier d&#039;int\u00e9rieur haut de gamme. Le MDF est d&#039;abord lamin\u00e9 avec du PVC.<br \/>\nCouche de mousse. Le MDF lamin\u00e9 mousse est ensuite recouvert du film PVC ou PP souhait\u00e9. La derni\u00e8re \u00e9tape consiste \u00e0 texturer la presse.<br \/>\nest appliqu\u00e9 sur la surface du panneau pour obtenir l&#039;effet 3D.<\/p>\n<p><strong>Comment finir les c\u00f4t\u00e9s ?<\/strong><\/p>\n<p>Dans ce produit, au lieu de bandes de chant classiques, des profils de chant en aluminium ou en MDF de la m\u00eame couleur sont utilis\u00e9s.<br \/>\nSont utilis\u00e9s en coupant \u00e0 45\u00b0. Alternativement, seuls les profil\u00e9s de chant en aluminium peuvent \u00eatre coup\u00e9s \u00e0 90\u00b0 pour \u00eatre assembl\u00e9s par des embouts d&#039;angle. Une solution plus \u00e9pur\u00e9e et \u00e9l\u00e9gante.<br \/>\nL&#039;aspect visuel peut \u00eatre obtenu avec les deux options. Les profil\u00e9s de chant et les embouts d&#039;angle peuvent \u00eatre appliqu\u00e9s avec de la colle de montage transparente PU.<\/p>\n<\/div>\n<p>*Quantit\u00e9 minimum de commande 100 panneaux<\/p>\n<\/div>\n<\/div>\n<\/div>\n<\/div>","protected":false},"excerpt":{"rendered":"<p>Qu\u2019est-ce que le panneau 3D\u00a0? Le panneau 3D est la toute nouvelle solution innovante de Gizir pour le mobilier d\u2019int\u00e9rieur haut de gamme. Le MDF est d\u2019abord recouvert d\u2019une couche de PVC [\u2026]<\/p>","protected":false},"featured_media":1697,"comment_status":"open","ping_status":"closed","template":"","meta":{"_acf_changed":false},"product_brand":[],"product_cat":[50],"product_tag":[],"class_list":{"0":"post-1696","1":"product","2":"type-product","3":"status-publish","4":"has-post-thumbnail","6":"product_cat-3d-panel","8":"first","9":"instock","10":"shipping-taxable","11":"product-type-simple"},"acf":[],"_links":{"self":[{"href":"https:\/\/www.gizir.com\/fr\/wp-json\/wp\/v2\/product\/1696","targetHints":{"allow":["GET"]}}],"collection":[{"href":"https:\/\/www.gizir.com\/fr\/wp-json\/wp\/v2\/product"}],"about":[{"href":"https:\/\/www.gizir.com\/fr\/wp-json\/wp\/v2\/types\/product"}],"replies":[{"embeddable":true,"href":"https:\/\/www.gizir.com\/fr\/wp-json\/wp\/v2\/comments?post=1696"}],"wp:featuredmedia":[{"embeddable":true,"href":"https:\/\/www.gizir.com\/fr\/wp-json\/wp\/v2\/media\/1697"}],"wp:attachment":[{"href":"https:\/\/www.gizir.com\/fr\/wp-json\/wp\/v2\/media?parent=1696"}],"wp:term":[{"taxonomy":"product_brand","embeddable":true,"href":"https:\/\/www.gizir.com\/fr\/wp-json\/wp\/v2\/product_brand?post=1696"},{"taxonomy":"product_cat","embeddable":true,"href":"https:\/\/www.gizir.com\/fr\/wp-json\/wp\/v2\/product_cat?post=1696"},{"taxonomy":"product_tag","embeddable":true,"href":"https:\/\/www.gizir.com\/fr\/wp-json\/wp\/v2\/product_tag?post=1696"}],"curies":[{"name":"wp","href":"https:\/\/api.w.org\/{rel}","templated":true}]}}