{"id":1573,"date":"2025-08-05T12:40:14","date_gmt":"2025-08-05T09:40:14","guid":{"rendered":"https:\/\/www.gizir.com\/?post_type=product&#038;p=1573"},"modified":"2025-08-05T12:41:12","modified_gmt":"2025-08-05T09:41:12","slug":"3037-gelin-cicegi-edge-thickness-profiles","status":"publish","type":"product","link":"https:\/\/www.gizir.com\/fr\/product\/3037-gelin-cicegi-edge-thickness-profiles\/","title":{"rendered":"3037 \u2013 GEL\u0130N \u00c7\u0130\u00c7E\u011e\u0130 \u2013 PROFIL\u00c9S DE BORD ET D&#039;\u00c9PAISSEUR"},"content":{"rendered":"<p>La table noire Furnilux pr\u00e9sente un plateau rond et \u00e9l\u00e9gant soutenu par quatre pieds fusel\u00e9s, apportant une touche d&#039;\u00e9l\u00e9gance \u00e0 tout espace de vie. Son design simple et original la rend polyvalente et s&#039;adapte \u00e0 une vari\u00e9t\u00e9 de styles d&#039;int\u00e9rieur, du contemporain au scandinave. Id\u00e9ale pour les petites salles \u00e0 manger ou comme table d&#039;appoint \u00e9l\u00e9gante.<\/p>\n<p>&nbsp;<\/p>","protected":false},"excerpt":{"rendered":"<p>La table noire Furnilux pr\u00e9sente un plateau rond \u00e9l\u00e9gant soutenu par quatre pieds effil\u00e9s, ajoutant une touche \u00e9l\u00e9gante \u00e0 tout espace de vie. [\u2026]<\/p>","protected":false},"featured_media":1574,"comment_status":"open","ping_status":"closed","template":"","meta":{"_acf_changed":false},"product_brand":[],"product_cat":[71],"product_tag":[],"class_list":{"0":"post-1573","1":"product","2":"type-product","3":"status-publish","4":"has-post-thumbnail","6":"product_cat-edge-thickness-profiles","8":"first","9":"instock","10":"shipping-taxable","11":"product-type-simple"},"acf":[],"_links":{"self":[{"href":"https:\/\/www.gizir.com\/fr\/wp-json\/wp\/v2\/product\/1573","targetHints":{"allow":["GET"]}}],"collection":[{"href":"https:\/\/www.gizir.com\/fr\/wp-json\/wp\/v2\/product"}],"about":[{"href":"https:\/\/www.gizir.com\/fr\/wp-json\/wp\/v2\/types\/product"}],"replies":[{"embeddable":true,"href":"https:\/\/www.gizir.com\/fr\/wp-json\/wp\/v2\/comments?post=1573"}],"wp:featuredmedia":[{"embeddable":true,"href":"https:\/\/www.gizir.com\/fr\/wp-json\/wp\/v2\/media\/1574"}],"wp:attachment":[{"href":"https:\/\/www.gizir.com\/fr\/wp-json\/wp\/v2\/media?parent=1573"}],"wp:term":[{"taxonomy":"product_brand","embeddable":true,"href":"https:\/\/www.gizir.com\/fr\/wp-json\/wp\/v2\/product_brand?post=1573"},{"taxonomy":"product_cat","embeddable":true,"href":"https:\/\/www.gizir.com\/fr\/wp-json\/wp\/v2\/product_cat?post=1573"},{"taxonomy":"product_tag","embeddable":true,"href":"https:\/\/www.gizir.com\/fr\/wp-json\/wp\/v2\/product_tag?post=1573"}],"curies":[{"name":"wp","href":"https:\/\/api.w.org\/{rel}","templated":true}]}}