{"id":1161,"date":"2025-07-22T16:47:00","date_gmt":"2025-07-22T13:47:00","guid":{"rendered":"https:\/\/www.gizir.com\/?post_type=product&#038;p=1161"},"modified":"2026-01-12T10:44:05","modified_gmt":"2026-01-12T07:44:05","slug":"9523-polylac-panel","status":"publish","type":"product","link":"https:\/\/www.gizir.com\/fr\/product\/9523-polylac-panel\/","title":{"rendered":"9523 Beige sable"},"content":{"rendered":"<p class=\"polylac-text\">Le panneau polylac cr\u00e8me 9523 offre un \u00e9clat \u00e9l\u00e9gant aux tons doux, id\u00e9al pour cr\u00e9er une ambiance chaleureuse et naturelle. Sa surface brillante refl\u00e8te la lumi\u00e8re uniform\u00e9ment, conf\u00e9rant \u00e0 l&#039;espace une apparence sereine et accueillante. Cette teinte particuli\u00e8re, qui s&#039;harmonise avec les styles de d\u00e9coration modernes et classiques, cr\u00e9e une atmosph\u00e8re chaleureuse et raffin\u00e9e dans les pi\u00e8ces \u00e0 vivre, tout en conservant son aspect d&#039;origine pendant de nombreuses ann\u00e9es gr\u00e2ce \u00e0 sa construction durable.<\/p>","protected":false},"excerpt":{"rendered":"<p>9523 Cream Polylac Panel offers an elegant sheen in soft tones for those seeking to create a warm and natural atmosphere. Its [&hellip;]<\/p>","protected":false},"featured_media":1282,"comment_status":"open","ping_status":"closed","template":"","meta":{"_acf_changed":false},"product_brand":[],"product_cat":[15,51],"product_tag":[],"class_list":{"0":"post-1161","1":"product","2":"type-product","3":"status-publish","4":"has-post-thumbnail","6":"product_cat-panel","7":"product_cat-polylac","9":"first","10":"instock","11":"shipping-taxable","12":"product-type-simple"},"acf":[],"_links":{"self":[{"href":"https:\/\/www.gizir.com\/fr\/wp-json\/wp\/v2\/product\/1161","targetHints":{"allow":["GET"]}}],"collection":[{"href":"https:\/\/www.gizir.com\/fr\/wp-json\/wp\/v2\/product"}],"about":[{"href":"https:\/\/www.gizir.com\/fr\/wp-json\/wp\/v2\/types\/product"}],"replies":[{"embeddable":true,"href":"https:\/\/www.gizir.com\/fr\/wp-json\/wp\/v2\/comments?post=1161"}],"wp:featuredmedia":[{"embeddable":true,"href":"https:\/\/www.gizir.com\/fr\/wp-json\/wp\/v2\/media\/1282"}],"wp:attachment":[{"href":"https:\/\/www.gizir.com\/fr\/wp-json\/wp\/v2\/media?parent=1161"}],"wp:term":[{"taxonomy":"product_brand","embeddable":true,"href":"https:\/\/www.gizir.com\/fr\/wp-json\/wp\/v2\/product_brand?post=1161"},{"taxonomy":"product_cat","embeddable":true,"href":"https:\/\/www.gizir.com\/fr\/wp-json\/wp\/v2\/product_cat?post=1161"},{"taxonomy":"product_tag","embeddable":true,"href":"https:\/\/www.gizir.com\/fr\/wp-json\/wp\/v2\/product_tag?post=1161"}],"curies":[{"name":"wp","href":"https:\/\/api.w.org\/{rel}","templated":true}]}}