{"id":1158,"date":"2025-07-22T16:38:00","date_gmt":"2025-07-22T13:38:00","guid":{"rendered":"https:\/\/www.gizir.com\/?post_type=product&#038;p=1158"},"modified":"2026-01-12T10:44:18","modified_gmt":"2026-01-12T07:44:18","slug":"panneau-polylac-9513","status":"publish","type":"product","link":"https:\/\/www.gizir.com\/fr\/produit\/panneau-polylac-9513\/","title":{"rendered":"9513 Blanc Glac\u00e9"},"content":{"rendered":"<p class=\"polylac-text\">Le panneau Polylac blanc 9513, avec sa surface ultra-brillante qui accentue la sensation d&#039;espace et d&#039;hygi\u00e8ne, est l&#039;une des teintes les plus pris\u00e9es en d\u00e9coration contemporaine. Gr\u00e2ce \u00e0 ses propri\u00e9t\u00e9s de r\u00e9flexion lumineuse exceptionnelles, il agrandit et illumine visuellement les espaces. Son aspect impeccable, sa r\u00e9sistance aux rayures et la qualit\u00e9 de sa structure garantissent un r\u00e9sultat parfait dans les cuisines, salles de bains, bureaux et toutes les pi\u00e8ces d&#039;int\u00e9rieur. C&#039;est le choix id\u00e9al pour des designs minimalistes, \u00e9l\u00e9gants et intemporels.<\/p>","protected":false},"excerpt":{"rendered":"<p>9513 White Polylac Panel, with its ultra-bright surface that enhances the perception of spaciousness and hygiene, is one of the most preferred tones in modern decoration. Thanks to its high light reflection properties, it makes spaces appear larger and brighter [&hellip;]<\/p>","protected":false},"featured_media":1280,"comment_status":"open","ping_status":"closed","template":"","meta":{"_acf_changed":false},"product_brand":[],"product_cat":[15,51],"product_tag":[],"class_list":{"0":"post-1158","1":"product","2":"type-product","3":"status-publish","4":"has-post-thumbnail","6":"product_cat-panel","7":"product_cat-polylac","9":"first","10":"instock","11":"shipping-taxable","12":"product-type-simple"},"acf":[],"_links":{"self":[{"href":"https:\/\/www.gizir.com\/fr\/wp-json\/wp\/v2\/product\/1158","targetHints":{"allow":["GET"]}}],"collection":[{"href":"https:\/\/www.gizir.com\/fr\/wp-json\/wp\/v2\/product"}],"about":[{"href":"https:\/\/www.gizir.com\/fr\/wp-json\/wp\/v2\/types\/product"}],"replies":[{"embeddable":true,"href":"https:\/\/www.gizir.com\/fr\/wp-json\/wp\/v2\/comments?post=1158"}],"wp:featuredmedia":[{"embeddable":true,"href":"https:\/\/www.gizir.com\/fr\/wp-json\/wp\/v2\/media\/1280"}],"wp:attachment":[{"href":"https:\/\/www.gizir.com\/fr\/wp-json\/wp\/v2\/media?parent=1158"}],"wp:term":[{"taxonomy":"product_brand","embeddable":true,"href":"https:\/\/www.gizir.com\/fr\/wp-json\/wp\/v2\/product_brand?post=1158"},{"taxonomy":"product_cat","embeddable":true,"href":"https:\/\/www.gizir.com\/fr\/wp-json\/wp\/v2\/product_cat?post=1158"},{"taxonomy":"product_tag","embeddable":true,"href":"https:\/\/www.gizir.com\/fr\/wp-json\/wp\/v2\/product_tag?post=1158"}],"curies":[{"name":"wp","href":"https:\/\/api.w.org\/{rel}","templated":true}]}}