{"id":1152,"date":"2025-07-22T15:06:00","date_gmt":"2025-07-22T12:06:00","guid":{"rendered":"https:\/\/www.gizir.com\/?post_type=product&#038;p=1152"},"modified":"2026-01-12T10:45:44","modified_gmt":"2026-01-12T07:45:44","slug":"vm506-madera-panel","status":"publish","type":"product","link":"https:\/\/www.gizir.com\/fr\/product\/vm506-madera-panel\/","title":{"rendered":"VM506 Ch\u00eane \u00e9b\u00e8ne"},"content":{"rendered":"<div class=\"elementor-element elementor-element-e36dff2 e-flex e-con-boxed e-con e-parent e-lazyloaded\" data-element_type=\"container\" data-id=\"e36dff2\">\n<div class=\"e-con-inner\">\n<div class=\"elementor-element elementor-element-76b4e44 e-con-full e-flex e-con e-child\" data-element_type=\"container\" data-id=\"76b4e44\">\n<div class=\"elementor-element elementor-element-19d62a6 elementor-widget elementor-widget-text-editor\" data-widget_type=\"text-editor.default\" data-element_type=\"widget\" data-id=\"19d62a6\">\n<div class=\"elementor-widget-container\">\n<p>La Collection de Madera de Gizir, une collection exquise alliant esth\u00e9tique et durabilit\u00e9. Compos\u00e9e d&#039;un placage en ch\u00eane naturel europ\u00e9en de 0,6 mm, lamin\u00e9 avec expertise sur une surface en MDF, Madera se distingue par sa robustesse et sa qualit\u00e9. Avec une \u00e9paisseur de placage de 0,6 mm, Madera peut \u00eatre double face, offrant une grande flexibilit\u00e9 de conception et d&#039;application. Madera est fier de son assemblage m\u00e9ticuleux de feuilles de placage, garantissant une fusion harmonieuse de couleurs et de motifs sur toutes les surfaces. B\u00e9n\u00e9ficiant d&#039;une haute r\u00e9sistance aux rayures et aux UV, ce placage en ch\u00eane naturel europ\u00e9en s\u00e9duit non seulement par sa beaut\u00e9 intemporelle, mais garantit \u00e9galement long\u00e9vit\u00e9 et r\u00e9sistance dans divers environnements. Sublimez vos espaces avec Madera, o\u00f9 savoir-faire artisanal rencontre durabilit\u00e9 dans une symphonie d&#039;\u00e9l\u00e9gance naturelle.<\/p>\n<\/div>\n<\/div>\n<\/div>\n<\/div>\n<\/div>\n<div class=\"elementor-element elementor-element-04a3c96 e-flex e-con-boxed e-con e-parent e-lazyloaded\" data-element_type=\"container\" data-id=\"04a3c96\">\n<div class=\"e-con-inner\">\n<div class=\"elementor-element elementor-element-33f7301 elementor-widget elementor-widget-heading\" data-widget_type=\"heading.default\" data-element_type=\"widget\" data-id=\"33f7301\">\n<div class=\"elementor-widget-container\"><\/div>\n<\/div>\n<\/div>\n<\/div>","protected":false},"excerpt":{"rendered":"<p>La Collecion de Madera de Gizir est une collection exquise qui allie harmonieusement esth\u00e9tique et durabilit\u00e9. Elle se compose d&#039;un placage en ch\u00eane europ\u00e9en naturel de 0,6 mm, travaill\u00e9 avec expertise [\u2026]<\/p>","protected":false},"featured_media":1153,"comment_status":"open","ping_status":"closed","template":"","meta":{"_acf_changed":false},"product_brand":[],"product_cat":[15,49],"product_tag":[],"class_list":{"0":"post-1152","1":"product","2":"type-product","3":"status-publish","4":"has-post-thumbnail","6":"product_cat-panel","7":"product_cat-madera","9":"first","10":"instock","11":"shipping-taxable","12":"product-type-simple"},"acf":[],"_links":{"self":[{"href":"https:\/\/www.gizir.com\/fr\/wp-json\/wp\/v2\/product\/1152","targetHints":{"allow":["GET"]}}],"collection":[{"href":"https:\/\/www.gizir.com\/fr\/wp-json\/wp\/v2\/product"}],"about":[{"href":"https:\/\/www.gizir.com\/fr\/wp-json\/wp\/v2\/types\/product"}],"replies":[{"embeddable":true,"href":"https:\/\/www.gizir.com\/fr\/wp-json\/wp\/v2\/comments?post=1152"}],"wp:featuredmedia":[{"embeddable":true,"href":"https:\/\/www.gizir.com\/fr\/wp-json\/wp\/v2\/media\/1153"}],"wp:attachment":[{"href":"https:\/\/www.gizir.com\/fr\/wp-json\/wp\/v2\/media?parent=1152"}],"wp:term":[{"taxonomy":"product_brand","embeddable":true,"href":"https:\/\/www.gizir.com\/fr\/wp-json\/wp\/v2\/product_brand?post=1152"},{"taxonomy":"product_cat","embeddable":true,"href":"https:\/\/www.gizir.com\/fr\/wp-json\/wp\/v2\/product_cat?post=1152"},{"taxonomy":"product_tag","embeddable":true,"href":"https:\/\/www.gizir.com\/fr\/wp-json\/wp\/v2\/product_tag?post=1152"}],"curies":[{"name":"wp","href":"https:\/\/api.w.org\/{rel}","templated":true}]}}