{"id":4174,"date":"2025-12-10T16:22:36","date_gmt":"2025-12-10T13:22:36","guid":{"rendered":"https:\/\/www.gizir.com\/?post_type=product&#038;p=4174"},"modified":"2026-02-20T08:28:27","modified_gmt":"2026-02-20T05:28:27","slug":"9407-polylac-panel","status":"publish","type":"product","link":"https:\/\/www.gizir.com\/es\/product\/9407-polylac-panel\/","title":{"rendered":"9407 Greige elegante"},"content":{"rendered":"<p class=\"polylac-text\">9407 Polylac Panel, un moderno panel de pared de color nude con tonos nude y un elegante dise\u00f1o de alanlar\u0131na y elegante. Y\u00fcksek parlakl\u0131kta y\u00fczeyi, mek\u00e2nlarda zarif bir \u0131\u015f\u0131lt\u0131 olu\u015fturarak dobladillo moderno dobladillo de decoraci\u00f3n cl\u00e1sica anlay\u0131\u015f\u0131na uyum sa\u011flar. \u00c7izilmeye ve lekelere kar\u015f\u0131 dayan\u0131kl\u0131 teknolojisi ile mutfak dolaplar\u0131ndan l\u00fcks mobilyalara kadar geni\u015f bir kullan\u0131m alan\u0131 sunar. Do\u011fal, sakin ve huzurlu bir ambiyans yaratmak isteyen projeler i\u00e7in m\u00fckemmel bir tercihtir.<\/p>","protected":false},"excerpt":{"rendered":"<p>9407 Polylac Panel, un moderno panel de pared de estilo nude con un tono nude y un elegante dise\u00f1o de alanlar\u0131na y elegante. Y\u00fcksek parlakl\u0131kta [\u2026]<\/p>","protected":false},"featured_media":4433,"comment_status":"open","ping_status":"closed","template":"","meta":{"_acf_changed":false},"product_brand":[],"product_cat":[15,51],"product_tag":[],"class_list":{"0":"post-4174","1":"product","2":"type-product","3":"status-publish","4":"has-post-thumbnail","6":"product_cat-panel","7":"product_cat-polylac","9":"first","10":"instock","11":"shipping-taxable","12":"product-type-simple"},"acf":[],"_links":{"self":[{"href":"https:\/\/www.gizir.com\/es\/wp-json\/wp\/v2\/product\/4174","targetHints":{"allow":["GET"]}}],"collection":[{"href":"https:\/\/www.gizir.com\/es\/wp-json\/wp\/v2\/product"}],"about":[{"href":"https:\/\/www.gizir.com\/es\/wp-json\/wp\/v2\/types\/product"}],"replies":[{"embeddable":true,"href":"https:\/\/www.gizir.com\/es\/wp-json\/wp\/v2\/comments?post=4174"}],"wp:featuredmedia":[{"embeddable":true,"href":"https:\/\/www.gizir.com\/es\/wp-json\/wp\/v2\/media\/4433"}],"wp:attachment":[{"href":"https:\/\/www.gizir.com\/es\/wp-json\/wp\/v2\/media?parent=4174"}],"wp:term":[{"taxonomy":"product_brand","embeddable":true,"href":"https:\/\/www.gizir.com\/es\/wp-json\/wp\/v2\/product_brand?post=4174"},{"taxonomy":"product_cat","embeddable":true,"href":"https:\/\/www.gizir.com\/es\/wp-json\/wp\/v2\/product_cat?post=4174"},{"taxonomy":"product_tag","embeddable":true,"href":"https:\/\/www.gizir.com\/es\/wp-json\/wp\/v2\/product_tag?post=4174"}],"curies":[{"name":"wp","href":"https:\/\/api.w.org\/{rel}","templated":true}]}}