{"id":2864,"date":"2025-09-03T09:56:54","date_gmt":"2025-09-03T06:56:54","guid":{"rendered":"https:\/\/www.gizir.com\/?post_type=product&#038;p=2864"},"modified":"2025-09-03T15:28:05","modified_gmt":"2025-09-03T12:28:05","slug":"as35-acrylic-panel","status":"publish","type":"product","link":"https:\/\/www.gizir.com\/es\/product\/as35-acrylic-panel\/","title":{"rendered":"AS35 \u2013 Panel acr\u00edlico"},"content":{"rendered":"<p>Gizir utiliza el mejor acr\u00edlico del mercado actual, el Senosan Am1800TopX. Se ha consolidado como una marca mundial en l\u00e1minas acr\u00edlicas de alto brillo. Estas l\u00e1minas eficientes y sin PVC se laminan sobre MDF para su uso en la industria del mueble. Este \u00e1mbito de aplicaci\u00f3n se extiende a todo tipo de mobiliario para cocinas, ba\u00f1os, salones, dormitorios, oficinas y mucho m\u00e1s, en forma de l\u00e1minas revestidas con una superficie de alto brillo.<\/p>\n<p>Los tableros acr\u00edlicos resistentes a rayones Gizir, con su superficie y efecto de profundidad, ofrecen un acabado brillante inigualable. Se distinguen por su excepcional resistencia a rayones, resistencia a los rayos UV y su respeto por el medio ambiente. Todos los productos est\u00e1n dise\u00f1ados espec\u00edficamente para su p\u00fablico objetivo: fabricantes, proveedores, laminadores y dise\u00f1adores de muebles.<\/p>","protected":false},"excerpt":{"rendered":"<p>Gizir utiliza el mejor acr\u00edlico del mercado actual: el Senosan Am1800TopX. Este acr\u00edlico es reconocido mundialmente por su alto brillo.<\/p>","protected":false},"featured_media":2861,"comment_status":"open","ping_status":"closed","template":"","meta":{"_acf_changed":false},"product_brand":[],"product_cat":[15,56,113],"product_tag":[],"class_list":{"0":"post-2864","1":"product","2":"type-product","3":"status-publish","4":"has-post-thumbnail","6":"product_cat-panel","7":"product_cat-acrylic-panel","8":"product_cat-vision-pro","10":"first","11":"instock","12":"shipping-taxable","13":"product-type-simple"},"acf":[],"_links":{"self":[{"href":"https:\/\/www.gizir.com\/es\/wp-json\/wp\/v2\/product\/2864","targetHints":{"allow":["GET"]}}],"collection":[{"href":"https:\/\/www.gizir.com\/es\/wp-json\/wp\/v2\/product"}],"about":[{"href":"https:\/\/www.gizir.com\/es\/wp-json\/wp\/v2\/types\/product"}],"replies":[{"embeddable":true,"href":"https:\/\/www.gizir.com\/es\/wp-json\/wp\/v2\/comments?post=2864"}],"wp:featuredmedia":[{"embeddable":true,"href":"https:\/\/www.gizir.com\/es\/wp-json\/wp\/v2\/media\/2861"}],"wp:attachment":[{"href":"https:\/\/www.gizir.com\/es\/wp-json\/wp\/v2\/media?parent=2864"}],"wp:term":[{"taxonomy":"product_brand","embeddable":true,"href":"https:\/\/www.gizir.com\/es\/wp-json\/wp\/v2\/product_brand?post=2864"},{"taxonomy":"product_cat","embeddable":true,"href":"https:\/\/www.gizir.com\/es\/wp-json\/wp\/v2\/product_cat?post=2864"},{"taxonomy":"product_tag","embeddable":true,"href":"https:\/\/www.gizir.com\/es\/wp-json\/wp\/v2\/product_tag?post=2864"}],"curies":[{"name":"wp","href":"https:\/\/api.w.org\/{rel}","templated":true}]}}