{"id":2833,"date":"2025-09-03T09:43:10","date_gmt":"2025-09-03T06:43:10","guid":{"rendered":"https:\/\/www.gizir.com\/?post_type=product&#038;p=2833"},"modified":"2025-09-03T15:28:26","modified_gmt":"2025-09-03T12:28:26","slug":"a110-acrylic-panel","status":"publish","type":"product","link":"https:\/\/www.gizir.com\/es\/product\/a110-acrylic-panel\/","title":{"rendered":"A110 \u2013 Panel acr\u00edlico"},"content":{"rendered":"<p>Los paneles acr\u00edlicos se fabrican mediante la aplicaci\u00f3n de una l\u00e1mina acr\u00edlica sobre la superficie sin tratar de paneles de MDF laminados por una cara. Presentan una superficie brillante y son totalmente resistentes al agua y la humedad, adem\u00e1s de ser f\u00e1ciles de limpiar. Gracias a su capa superior protectora UV, el color y el brillo de sus dise\u00f1os se conservan durante muchos a\u00f1os, ofreciendo a su propietario una apariencia siempre nueva. Los paneles acr\u00edlicos no contienen sustancias cancer\u00edgenas ni peligrosas. Este producto es ideal para cocinas, ba\u00f1os, salas de estar, dormitorios, muebles de hotel, muebles de oficina, puertas de armarios y revestimientos de paredes.<\/p>","protected":false},"excerpt":{"rendered":"<p>Los paneles acr\u00edlicos se fabrican mediante la aplicaci\u00f3n de una l\u00e1mina acr\u00edlica sobre la superficie sin tratar de paneles de MDF laminados por una cara. Tienen una [\u2026]<\/p>","protected":false},"featured_media":2840,"comment_status":"open","ping_status":"closed","template":"","meta":{"_acf_changed":false},"product_brand":[],"product_cat":[15,56,112],"product_tag":[],"class_list":{"0":"post-2833","1":"product","2":"type-product","3":"status-publish","4":"has-post-thumbnail","6":"product_cat-panel","7":"product_cat-acrylic-panel","8":"product_cat-vision-plus","10":"first","11":"instock","12":"shipping-taxable","13":"product-type-simple"},"acf":[],"_links":{"self":[{"href":"https:\/\/www.gizir.com\/es\/wp-json\/wp\/v2\/product\/2833","targetHints":{"allow":["GET"]}}],"collection":[{"href":"https:\/\/www.gizir.com\/es\/wp-json\/wp\/v2\/product"}],"about":[{"href":"https:\/\/www.gizir.com\/es\/wp-json\/wp\/v2\/types\/product"}],"replies":[{"embeddable":true,"href":"https:\/\/www.gizir.com\/es\/wp-json\/wp\/v2\/comments?post=2833"}],"wp:featuredmedia":[{"embeddable":true,"href":"https:\/\/www.gizir.com\/es\/wp-json\/wp\/v2\/media\/2840"}],"wp:attachment":[{"href":"https:\/\/www.gizir.com\/es\/wp-json\/wp\/v2\/media?parent=2833"}],"wp:term":[{"taxonomy":"product_brand","embeddable":true,"href":"https:\/\/www.gizir.com\/es\/wp-json\/wp\/v2\/product_brand?post=2833"},{"taxonomy":"product_cat","embeddable":true,"href":"https:\/\/www.gizir.com\/es\/wp-json\/wp\/v2\/product_cat?post=2833"},{"taxonomy":"product_tag","embeddable":true,"href":"https:\/\/www.gizir.com\/es\/wp-json\/wp\/v2\/product_tag?post=2833"}],"curies":[{"name":"wp","href":"https:\/\/api.w.org\/{rel}","templated":true}]}}