{"id":2320,"date":"2025-08-28T16:36:26","date_gmt":"2025-08-28T13:36:26","guid":{"rendered":"https:\/\/www.gizir.com\/?post_type=product&#038;p=2320"},"modified":"2025-09-05T09:41:01","modified_gmt":"2025-09-05T06:41:01","slug":"profil-3-skirting-profiles","status":"publish","type":"product","link":"https:\/\/www.gizir.com\/es\/product\/profil-3-skirting-profiles\/","title":{"rendered":"PERFIL 3 \u2013 PERFILES DE RODAPI\u00c9S"},"content":{"rendered":"<p>Descubra la elegancia de los perfiles de rodapi\u00e9 premium Gizir, fabricados con MDF de alta calidad y l\u00e1mina supermate suave al tacto, laminada por expertos. Duraderos y antibacterianos, los perfiles de rodapi\u00e9 Gizir ofrecen un tacto suave y sedoso, adem\u00e1s de un f\u00e1cil mantenimiento. Realce su espacio con nuestra opci\u00f3n de polipropileno pintable, adaptada a su estilo. Disfrute de la sofisticaci\u00f3n y la funcionalidad en una soluci\u00f3n integral, perfecta para realzar cualquier interior con un estilo atemporal y una calidad duradera.<\/p>\n<p>*Se pueden producir dise\u00f1os personalizados a pedido del cliente.<\/p>","protected":false},"excerpt":{"rendered":"<p>Discover the elegance of Gizir premium Skirting Profiles crafted from high-quality MDF and expertly laminated supermatt soft-touch foil. Durable and antibacterial, Gizir [&hellip;]<\/p>","protected":false},"featured_media":2321,"comment_status":"open","ping_status":"closed","template":"","meta":{"_acf_changed":false},"product_brand":[],"product_cat":[36,67],"product_tag":[],"class_list":{"0":"post-2320","1":"product","2":"type-product","3":"status-publish","4":"has-post-thumbnail","6":"product_cat-profile-models","7":"product_cat-skirting-profiles","9":"first","10":"instock","11":"shipping-taxable","12":"product-type-simple"},"acf":[],"_links":{"self":[{"href":"https:\/\/www.gizir.com\/es\/wp-json\/wp\/v2\/product\/2320","targetHints":{"allow":["GET"]}}],"collection":[{"href":"https:\/\/www.gizir.com\/es\/wp-json\/wp\/v2\/product"}],"about":[{"href":"https:\/\/www.gizir.com\/es\/wp-json\/wp\/v2\/types\/product"}],"replies":[{"embeddable":true,"href":"https:\/\/www.gizir.com\/es\/wp-json\/wp\/v2\/comments?post=2320"}],"wp:featuredmedia":[{"embeddable":true,"href":"https:\/\/www.gizir.com\/es\/wp-json\/wp\/v2\/media\/2321"}],"wp:attachment":[{"href":"https:\/\/www.gizir.com\/es\/wp-json\/wp\/v2\/media?parent=2320"}],"wp:term":[{"taxonomy":"product_brand","embeddable":true,"href":"https:\/\/www.gizir.com\/es\/wp-json\/wp\/v2\/product_brand?post=2320"},{"taxonomy":"product_cat","embeddable":true,"href":"https:\/\/www.gizir.com\/es\/wp-json\/wp\/v2\/product_cat?post=2320"},{"taxonomy":"product_tag","embeddable":true,"href":"https:\/\/www.gizir.com\/es\/wp-json\/wp\/v2\/product_tag?post=2320"}],"curies":[{"name":"wp","href":"https:\/\/api.w.org\/{rel}","templated":true}]}}