{"id":2022,"date":"2025-08-27T12:12:59","date_gmt":"2025-08-27T09:12:59","guid":{"rendered":"https:\/\/www.gizir.com\/?post_type=product&#038;p=2022"},"modified":"2025-09-05T09:45:47","modified_gmt":"2025-09-05T06:45:47","slug":"color-del-panel-ecomatt-pt38","status":"publish","type":"product","link":"https:\/\/www.gizir.com\/es\/producto\/color-del-panel-ecomatt-pt38\/","title":{"rendered":"PT38 \u2013 COLOR DEL PANEL ECOMATT"},"content":{"rendered":"<p>Ecomatt ofrece elegancia sostenible con su acabado mate y material ecol\u00f3gico. Es la opci\u00f3n perfecta para quienes buscan soluciones elegantes, duraderas y f\u00e1ciles de mantener para interiores modernos.<\/p>","protected":false},"excerpt":{"rendered":"<p>Ecomatt ofrece elegancia sostenible con su acabado mate y material ecol\u00f3gico. Es la opci\u00f3n perfecta para quienes buscan soluciones elegantes, duraderas y f\u00e1ciles de mantener para interiores modernos.<\/p>","protected":false},"featured_media":2016,"comment_status":"open","ping_status":"closed","template":"","meta":{"_acf_changed":false},"product_brand":[],"product_cat":[15,64],"product_tag":[79],"class_list":{"0":"post-2022","1":"product","2":"type-product","3":"status-publish","4":"has-post-thumbnail","6":"product_cat-panel","7":"product_cat-ecomatt-panel","8":"product_tag-new","10":"first","11":"instock","12":"shipping-taxable","13":"product-type-simple"},"acf":[],"_links":{"self":[{"href":"https:\/\/www.gizir.com\/es\/wp-json\/wp\/v2\/product\/2022","targetHints":{"allow":["GET"]}}],"collection":[{"href":"https:\/\/www.gizir.com\/es\/wp-json\/wp\/v2\/product"}],"about":[{"href":"https:\/\/www.gizir.com\/es\/wp-json\/wp\/v2\/types\/product"}],"replies":[{"embeddable":true,"href":"https:\/\/www.gizir.com\/es\/wp-json\/wp\/v2\/comments?post=2022"}],"wp:featuredmedia":[{"embeddable":true,"href":"https:\/\/www.gizir.com\/es\/wp-json\/wp\/v2\/media\/2016"}],"wp:attachment":[{"href":"https:\/\/www.gizir.com\/es\/wp-json\/wp\/v2\/media?parent=2022"}],"wp:term":[{"taxonomy":"product_brand","embeddable":true,"href":"https:\/\/www.gizir.com\/es\/wp-json\/wp\/v2\/product_brand?post=2022"},{"taxonomy":"product_cat","embeddable":true,"href":"https:\/\/www.gizir.com\/es\/wp-json\/wp\/v2\/product_cat?post=2022"},{"taxonomy":"product_tag","embeddable":true,"href":"https:\/\/www.gizir.com\/es\/wp-json\/wp\/v2\/product_tag?post=2022"}],"curies":[{"name":"wp","href":"https:\/\/api.w.org\/{rel}","templated":true}]}}