{"id":1690,"date":"2025-08-07T13:49:33","date_gmt":"2025-08-07T10:49:33","guid":{"rendered":"https:\/\/www.gizir.com\/?post_type=product&#038;p=1690"},"modified":"2026-01-12T10:53:06","modified_gmt":"2026-01-12T07:53:06","slug":"3d01-3d-panel-design","status":"publish","type":"product","link":"https:\/\/www.gizir.com\/es\/product\/3d01-3d-panel-design\/","title":{"rendered":"Ondas 3D01"},"content":{"rendered":"<p><strong>\u00bfQu\u00e9 es el Panel 3D?<\/strong><\/p>\n<p>El panel 3D es la soluci\u00f3n m\u00e1s innovadora de Gizir para muebles de interior de alta gama. El MDF se lamina primero con PVC.<br \/>\nCapa de espuma. A continuaci\u00f3n, se cubre el MDF laminado con la l\u00e1mina de PVC o PP deseada. Como \u00faltimo paso, se aplica la prensa texturizadora.<br \/>\nSe aplica a la superficie del panel para lograr el efecto 3D.<\/p>\n<p><strong>\u00bfC\u00f3mo terminar los lados?<\/strong><\/p>\n<p>En este producto, en lugar de cantos convencionales, se utilizan perfiles de aluminio o MDF del mismo color.<br \/>\nSe utilizan cortando en un \u00e1ngulo de 45\u00b0. Como alternativa, los perfiles de aluminio con cantos se pueden cortar en un \u00e1ngulo de 90\u00b0 para conectarlos mediante tapas de esquina. Un resultado m\u00e1s limpio y elegante.<br \/>\nEl mismo aspecto se puede lograr con ambas alternativas. Los perfiles de borde y las tapas de esquina se pueden aplicar con adhesivo de montaje transparente de PU.<\/p>","protected":false},"excerpt":{"rendered":"<p>\u00bfQu\u00e9 es el Panel 3D? El Panel 3D es la soluci\u00f3n m\u00e1s innovadora de Gizir para muebles de interior de alta gama. El MDF se lamina primero con PVC [\u2026]<\/p>","protected":false},"featured_media":1691,"comment_status":"open","ping_status":"closed","template":"","meta":{"_acf_changed":false},"product_brand":[],"product_cat":[50],"product_tag":[],"class_list":{"0":"post-1690","1":"product","2":"type-product","3":"status-publish","4":"has-post-thumbnail","6":"product_cat-3d-panel","8":"first","9":"instock","10":"shipping-taxable","11":"product-type-simple"},"acf":[],"_links":{"self":[{"href":"https:\/\/www.gizir.com\/es\/wp-json\/wp\/v2\/product\/1690","targetHints":{"allow":["GET"]}}],"collection":[{"href":"https:\/\/www.gizir.com\/es\/wp-json\/wp\/v2\/product"}],"about":[{"href":"https:\/\/www.gizir.com\/es\/wp-json\/wp\/v2\/types\/product"}],"replies":[{"embeddable":true,"href":"https:\/\/www.gizir.com\/es\/wp-json\/wp\/v2\/comments?post=1690"}],"wp:featuredmedia":[{"embeddable":true,"href":"https:\/\/www.gizir.com\/es\/wp-json\/wp\/v2\/media\/1691"}],"wp:attachment":[{"href":"https:\/\/www.gizir.com\/es\/wp-json\/wp\/v2\/media?parent=1690"}],"wp:term":[{"taxonomy":"product_brand","embeddable":true,"href":"https:\/\/www.gizir.com\/es\/wp-json\/wp\/v2\/product_brand?post=1690"},{"taxonomy":"product_cat","embeddable":true,"href":"https:\/\/www.gizir.com\/es\/wp-json\/wp\/v2\/product_cat?post=1690"},{"taxonomy":"product_tag","embeddable":true,"href":"https:\/\/www.gizir.com\/es\/wp-json\/wp\/v2\/product_tag?post=1690"}],"curies":[{"name":"wp","href":"https:\/\/api.w.org\/{rel}","templated":true}]}}