{"id":1531,"date":"2025-08-05T11:22:08","date_gmt":"2025-08-05T08:22:08","guid":{"rendered":"https:\/\/www.gizir.com\/?post_type=product&#038;p=1531"},"modified":"2025-08-05T11:22:54","modified_gmt":"2025-08-05T08:22:54","slug":"0740-sarmasik-surface-profiles","status":"publish","type":"product","link":"https:\/\/www.gizir.com\/es\/product\/0740-sarmasik-surface-profiles\/","title":{"rendered":"0740 \u2013 SARMA\u015eIK \u2013 PERFILES DE SUPERFICIE"},"content":{"rendered":"<p>La mesa negra Furnilux presenta un elegante tablero redondo sostenido por cuatro patas c\u00f3nicas, que a\u00f1ade un toque elegante a cualquier espacio. Su dise\u00f1o sencillo pero impactante la hace vers\u00e1til para una variedad de estilos de interior, desde contempor\u00e1neo hasta escandinavo. Ideal para comedores peque\u00f1os o como una elegante mesa auxiliar.<\/p>\n<p>&nbsp;<\/p>","protected":false},"excerpt":{"rendered":"<p>La mesa negra Furnilux presenta un elegante tablero redondo sostenido por cuatro patas c\u00f3nicas, que a\u00f1ade un toque elegante a cualquier espacio habitable. [\u2026]<\/p>","protected":false},"featured_media":1532,"comment_status":"open","ping_status":"closed","template":"","meta":{"_acf_changed":false},"product_brand":[],"product_cat":[70],"product_tag":[],"class_list":{"0":"post-1531","1":"product","2":"type-product","3":"status-publish","4":"has-post-thumbnail","6":"product_cat-surface-profiles","8":"first","9":"instock","10":"shipping-taxable","11":"product-type-simple"},"acf":[],"_links":{"self":[{"href":"https:\/\/www.gizir.com\/es\/wp-json\/wp\/v2\/product\/1531","targetHints":{"allow":["GET"]}}],"collection":[{"href":"https:\/\/www.gizir.com\/es\/wp-json\/wp\/v2\/product"}],"about":[{"href":"https:\/\/www.gizir.com\/es\/wp-json\/wp\/v2\/types\/product"}],"replies":[{"embeddable":true,"href":"https:\/\/www.gizir.com\/es\/wp-json\/wp\/v2\/comments?post=1531"}],"wp:featuredmedia":[{"embeddable":true,"href":"https:\/\/www.gizir.com\/es\/wp-json\/wp\/v2\/media\/1532"}],"wp:attachment":[{"href":"https:\/\/www.gizir.com\/es\/wp-json\/wp\/v2\/media?parent=1531"}],"wp:term":[{"taxonomy":"product_brand","embeddable":true,"href":"https:\/\/www.gizir.com\/es\/wp-json\/wp\/v2\/product_brand?post=1531"},{"taxonomy":"product_cat","embeddable":true,"href":"https:\/\/www.gizir.com\/es\/wp-json\/wp\/v2\/product_cat?post=1531"},{"taxonomy":"product_tag","embeddable":true,"href":"https:\/\/www.gizir.com\/es\/wp-json\/wp\/v2\/product_tag?post=1531"}],"curies":[{"name":"wp","href":"https:\/\/api.w.org\/{rel}","templated":true}]}}