{"id":1173,"date":"2025-07-22T17:05:00","date_gmt":"2025-07-22T14:05:00","guid":{"rendered":"https:\/\/www.gizir.com\/?post_type=product&#038;p=1173"},"modified":"2026-01-12T10:43:06","modified_gmt":"2026-01-12T07:43:06","slug":"9440-polylac-panel","status":"publish","type":"product","link":"https:\/\/www.gizir.com\/es\/product\/9440-polylac-panel\/","title":{"rendered":"9440 Carbono negro"},"content":{"rendered":"<p class=\"polylac-text\">El panel Polylac Negro 9440 ofrece una superficie impecable y de alto brillo para quienes buscan profundidad y prestigio en dise\u00f1os de interiores modernos. Su estructura de alto brillo con efecto espejo a\u00f1ade un fuerte contraste y una elegancia atemporal a cualquier espacio, desde gabinetes de cocina hasta vestidores de lujo. Con su estructura resistente a ara\u00f1azos y manchas, el Polylac Negro 9440 ofrece soluciones est\u00e9ticas y duraderas, lo que lo convierte en un color indispensable para proyectos de decoraci\u00f3n de alta gama.<\/p>","protected":false},"excerpt":{"rendered":"<p>9440 Black Polylac Panel offers a flawless, high-gloss surface for those seeking depth and prestige in modern interior designs. Its high-gloss structure [&hellip;]<\/p>","protected":false},"featured_media":1298,"comment_status":"open","ping_status":"closed","template":"","meta":{"_acf_changed":false},"product_brand":[],"product_cat":[15,51],"product_tag":[],"class_list":{"0":"post-1173","1":"product","2":"type-product","3":"status-publish","4":"has-post-thumbnail","6":"product_cat-panel","7":"product_cat-polylac","9":"first","10":"instock","11":"shipping-taxable","12":"product-type-simple"},"acf":[],"_links":{"self":[{"href":"https:\/\/www.gizir.com\/es\/wp-json\/wp\/v2\/product\/1173","targetHints":{"allow":["GET"]}}],"collection":[{"href":"https:\/\/www.gizir.com\/es\/wp-json\/wp\/v2\/product"}],"about":[{"href":"https:\/\/www.gizir.com\/es\/wp-json\/wp\/v2\/types\/product"}],"replies":[{"embeddable":true,"href":"https:\/\/www.gizir.com\/es\/wp-json\/wp\/v2\/comments?post=1173"}],"wp:featuredmedia":[{"embeddable":true,"href":"https:\/\/www.gizir.com\/es\/wp-json\/wp\/v2\/media\/1298"}],"wp:attachment":[{"href":"https:\/\/www.gizir.com\/es\/wp-json\/wp\/v2\/media?parent=1173"}],"wp:term":[{"taxonomy":"product_brand","embeddable":true,"href":"https:\/\/www.gizir.com\/es\/wp-json\/wp\/v2\/product_brand?post=1173"},{"taxonomy":"product_cat","embeddable":true,"href":"https:\/\/www.gizir.com\/es\/wp-json\/wp\/v2\/product_cat?post=1173"},{"taxonomy":"product_tag","embeddable":true,"href":"https:\/\/www.gizir.com\/es\/wp-json\/wp\/v2\/product_tag?post=1173"}],"curies":[{"name":"wp","href":"https:\/\/api.w.org\/{rel}","templated":true}]}}