{"id":1137,"date":"2025-07-22T14:49:00","date_gmt":"2025-07-22T11:49:00","guid":{"rendered":"https:\/\/www.gizir.com\/?post_type=product&#038;p=1137"},"modified":"2026-01-12T10:48:28","modified_gmt":"2026-01-12T07:48:28","slug":"vm501-madera-panel","status":"publish","type":"product","link":"https:\/\/www.gizir.com\/es\/product\/vm501-madera-panel\/","title":{"rendered":"VM501 Roble \u00c1mbar"},"content":{"rendered":"<p>Colecci\u00f3n de Madera de Gizir, una exquisita colecci\u00f3n que combina a la perfecci\u00f3n est\u00e9tica y durabilidad. Compuesta por una chapa de roble europeo natural de 0,6 mm laminada expertamente sobre una superficie de MDF, Madera destaca por su resistencia y calidad. Con un espesor de chapa de 0,6 mm, Madera puede ser de doble cara, lo que ofrece flexibilidad en dise\u00f1o y aplicaci\u00f3n. Madera se enorgullece de su meticulosa combinaci\u00f3n de l\u00e1minas de chapa, garantizando una armoniosa fusi\u00f3n de colores y patrones en todas las superficies. Con una alta resistencia a los ara\u00f1azos y a los rayos UV, esta chapa de roble europeo natural no solo cautiva por su belleza atemporal, sino que tambi\u00e9n garantiza longevidad y resistencia en diversos entornos. Realce sus espacios con Madera: donde la artesan\u00eda se une a la durabilidad en una sinfon\u00eda de elegancia natural.<\/p>","protected":false},"excerpt":{"rendered":"<p>Colecci\u00f3n de Madera de Gizir, una exquisita colecci\u00f3n que combina a la perfecci\u00f3n est\u00e9tica y durabilidad. Compuesta por una chapa de roble europeo natural de 0,6 mm, elaborada por expertos [\u2026]<\/p>","protected":false},"featured_media":1138,"comment_status":"open","ping_status":"closed","template":"","meta":{"_acf_changed":false},"product_brand":[],"product_cat":[15,49],"product_tag":[],"class_list":{"0":"post-1137","1":"product","2":"type-product","3":"status-publish","4":"has-post-thumbnail","6":"product_cat-panel","7":"product_cat-madera","9":"first","10":"instock","11":"shipping-taxable","12":"product-type-simple"},"acf":[],"_links":{"self":[{"href":"https:\/\/www.gizir.com\/es\/wp-json\/wp\/v2\/product\/1137","targetHints":{"allow":["GET"]}}],"collection":[{"href":"https:\/\/www.gizir.com\/es\/wp-json\/wp\/v2\/product"}],"about":[{"href":"https:\/\/www.gizir.com\/es\/wp-json\/wp\/v2\/types\/product"}],"replies":[{"embeddable":true,"href":"https:\/\/www.gizir.com\/es\/wp-json\/wp\/v2\/comments?post=1137"}],"wp:featuredmedia":[{"embeddable":true,"href":"https:\/\/www.gizir.com\/es\/wp-json\/wp\/v2\/media\/1138"}],"wp:attachment":[{"href":"https:\/\/www.gizir.com\/es\/wp-json\/wp\/v2\/media?parent=1137"}],"wp:term":[{"taxonomy":"product_brand","embeddable":true,"href":"https:\/\/www.gizir.com\/es\/wp-json\/wp\/v2\/product_brand?post=1137"},{"taxonomy":"product_cat","embeddable":true,"href":"https:\/\/www.gizir.com\/es\/wp-json\/wp\/v2\/product_cat?post=1137"},{"taxonomy":"product_tag","embeddable":true,"href":"https:\/\/www.gizir.com\/es\/wp-json\/wp\/v2\/product_tag?post=1137"}],"curies":[{"name":"wp","href":"https:\/\/api.w.org\/{rel}","templated":true}]}}