{"id":2865,"date":"2025-09-03T09:57:51","date_gmt":"2025-09-03T06:57:51","guid":{"rendered":"https:\/\/www.gizir.com\/?post_type=product&#038;p=2865"},"modified":"2025-09-03T15:28:12","modified_gmt":"2025-09-03T12:28:12","slug":"as37-acrylic-panel","status":"publish","type":"product","link":"https:\/\/www.gizir.com\/de\/product\/as37-acrylic-panel\/","title":{"rendered":"AS37 \u2013 Acrylplatte"},"content":{"rendered":"<p>Gizir verwendet das beste Acryl auf dem Markt. Senosan Am1800TopX hat sich weltweit einen Namen f\u00fcr Acryl-Hochglanzplatten gemacht. Effiziente und PVC-freie Platten werden auf MDF kaschiert und in der M\u00f6belindustrie eingesetzt. Dieser Anwendungsbereich erstreckt sich auf jede Art von M\u00f6belausstattung f\u00fcr K\u00fcche, Bad, Wohnzimmer, Schlafzimmer, B\u00fcro und vieles mehr in Form von beschichteten Platten mit Hochglanzoberfl\u00e4che.<\/p>\n<p>Die kratzfesten Acrylplatten von Gizir bieten mit ihrer Oberfl\u00e4chen- und Tiefenwirkung eine gl\u00e4nzende Optik wie kein anderes Material. Sie zeichnen sich durch enorme Kratzfestigkeit, UV-Best\u00e4ndigkeit und Umweltfreundlichkeit aus. Alle Produkte sind passgenau auf die Zielgruppe der M\u00f6belhersteller, Zulieferer, Laminatoren und Designer zugeschnitten.<\/p>","protected":false},"excerpt":{"rendered":"<p>Gizir verwendet das beste Acryl, das derzeit auf dem Markt erh\u00e4ltlich ist: Senosan AM1800TopX. Es hat sich weltweit einen Namen f\u00fcr hochgl\u00e4nzendes Acryl gemacht [\u2026]<\/p>","protected":false},"featured_media":2862,"comment_status":"open","ping_status":"closed","template":"","meta":{"_acf_changed":false},"product_brand":[],"product_cat":[15,56,113],"product_tag":[],"class_list":{"0":"post-2865","1":"product","2":"type-product","3":"status-publish","4":"has-post-thumbnail","6":"product_cat-panel","7":"product_cat-acrylic-panel","8":"product_cat-vision-pro","10":"first","11":"instock","12":"shipping-taxable","13":"product-type-simple"},"acf":[],"_links":{"self":[{"href":"https:\/\/www.gizir.com\/de\/wp-json\/wp\/v2\/product\/2865","targetHints":{"allow":["GET"]}}],"collection":[{"href":"https:\/\/www.gizir.com\/de\/wp-json\/wp\/v2\/product"}],"about":[{"href":"https:\/\/www.gizir.com\/de\/wp-json\/wp\/v2\/types\/product"}],"replies":[{"embeddable":true,"href":"https:\/\/www.gizir.com\/de\/wp-json\/wp\/v2\/comments?post=2865"}],"wp:featuredmedia":[{"embeddable":true,"href":"https:\/\/www.gizir.com\/de\/wp-json\/wp\/v2\/media\/2862"}],"wp:attachment":[{"href":"https:\/\/www.gizir.com\/de\/wp-json\/wp\/v2\/media?parent=2865"}],"wp:term":[{"taxonomy":"product_brand","embeddable":true,"href":"https:\/\/www.gizir.com\/de\/wp-json\/wp\/v2\/product_brand?post=2865"},{"taxonomy":"product_cat","embeddable":true,"href":"https:\/\/www.gizir.com\/de\/wp-json\/wp\/v2\/product_cat?post=2865"},{"taxonomy":"product_tag","embeddable":true,"href":"https:\/\/www.gizir.com\/de\/wp-json\/wp\/v2\/product_tag?post=2865"}],"curies":[{"name":"wp","href":"https:\/\/api.w.org\/{rel}","templated":true}]}}