{"id":2857,"date":"2025-09-03T09:52:23","date_gmt":"2025-09-03T06:52:23","guid":{"rendered":"https:\/\/www.gizir.com\/?post_type=product&#038;p=2857"},"modified":"2025-09-03T15:28:50","modified_gmt":"2025-09-03T12:28:50","slug":"a140-acrylic-panel","status":"publish","type":"product","link":"https:\/\/www.gizir.com\/de\/product\/a140-acrylic-panel\/","title":{"rendered":"A140 \u2013 Acrylplatte"},"content":{"rendered":"<p>Acrylplatten werden durch sorgf\u00e4ltiges Aufbringen von Acrylfolie auf die Rohoberfl\u00e4che einseitig laminierter MDF-Platten hergestellt. Sie haben eine gl\u00e4nzende Oberfl\u00e4che, sind absolut wasser- und feuchtigkeitsbest\u00e4ndig und leicht zu reinigen. Dank der UV-Schutzschicht bleiben Farbe und Glanz der Muster jahrelang erhalten und verleihen ihrem stolzen Besitzer ein stets neuwertiges Aussehen. Acrylplatten enthalten keine krebserregenden oder gef\u00e4hrlichen Stoffe. Dieses Produkt eignet sich perfekt f\u00fcr K\u00fcchen, B\u00e4der, Wohnzimmer, Schlafzimmer, Hotelm\u00f6bel, B\u00fcrom\u00f6bel, Schrankt\u00fcren und Wandverkleidungen.<\/p>","protected":false},"excerpt":{"rendered":"<p>Acrylic panels are manufactured by thorough application of acrylic foil to the raw surface of one-sided laminated MDF panels. They have a [&hellip;]<\/p>","protected":false},"featured_media":2838,"comment_status":"open","ping_status":"closed","template":"","meta":{"_acf_changed":false},"product_brand":[],"product_cat":[15,56,112],"product_tag":[],"class_list":{"0":"post-2857","1":"product","2":"type-product","3":"status-publish","4":"has-post-thumbnail","6":"product_cat-panel","7":"product_cat-acrylic-panel","8":"product_cat-vision-plus","10":"first","11":"instock","12":"shipping-taxable","13":"product-type-simple"},"acf":[],"_links":{"self":[{"href":"https:\/\/www.gizir.com\/de\/wp-json\/wp\/v2\/product\/2857","targetHints":{"allow":["GET"]}}],"collection":[{"href":"https:\/\/www.gizir.com\/de\/wp-json\/wp\/v2\/product"}],"about":[{"href":"https:\/\/www.gizir.com\/de\/wp-json\/wp\/v2\/types\/product"}],"replies":[{"embeddable":true,"href":"https:\/\/www.gizir.com\/de\/wp-json\/wp\/v2\/comments?post=2857"}],"wp:featuredmedia":[{"embeddable":true,"href":"https:\/\/www.gizir.com\/de\/wp-json\/wp\/v2\/media\/2838"}],"wp:attachment":[{"href":"https:\/\/www.gizir.com\/de\/wp-json\/wp\/v2\/media?parent=2857"}],"wp:term":[{"taxonomy":"product_brand","embeddable":true,"href":"https:\/\/www.gizir.com\/de\/wp-json\/wp\/v2\/product_brand?post=2857"},{"taxonomy":"product_cat","embeddable":true,"href":"https:\/\/www.gizir.com\/de\/wp-json\/wp\/v2\/product_cat?post=2857"},{"taxonomy":"product_tag","embeddable":true,"href":"https:\/\/www.gizir.com\/de\/wp-json\/wp\/v2\/product_tag?post=2857"}],"curies":[{"name":"wp","href":"https:\/\/api.w.org\/{rel}","templated":true}]}}