{"id":2320,"date":"2025-08-28T16:36:26","date_gmt":"2025-08-28T13:36:26","guid":{"rendered":"https:\/\/www.gizir.com\/?post_type=product&#038;p=2320"},"modified":"2025-09-05T09:41:01","modified_gmt":"2025-09-05T06:41:01","slug":"profil-3-skirting-profiles","status":"publish","type":"product","link":"https:\/\/www.gizir.com\/de\/product\/profil-3-skirting-profiles\/","title":{"rendered":"PROFIL 3 \u2013 SOCKELLEISTENPROFIL"},"content":{"rendered":"<p>Entdecken Sie die Eleganz der Gizir Premium-Sockelleisten aus hochwertigem MDF und fachm\u00e4nnisch laminierter, supermatter Soft-Touch-Folie. Langlebig und antibakteriell, bieten die Gizir-Sockelleisten ein seidig glattes Gef\u00fchl und sind pflegeleicht. Werten Sie Ihren Raum mit unserer lackierbaren PP-Option auf, die auf Ihren Stil zugeschnitten ist. Vereinen Sie Raffinesse und Funktionalit\u00e4t in einer nahtlosen L\u00f6sung, die jedes Interieur mit zeitlosem Stil und langlebiger Qualit\u00e4t aufwertet.<\/p>\n<p>*Auf Kundenwunsch k\u00f6nnen Sonderanfertigungen erstellt werden.<\/p>","protected":false},"excerpt":{"rendered":"<p>Discover the elegance of Gizir premium Skirting Profiles crafted from high-quality MDF and expertly laminated supermatt soft-touch foil. Durable and antibacterial, Gizir [&hellip;]<\/p>","protected":false},"featured_media":2321,"comment_status":"open","ping_status":"closed","template":"","meta":{"_acf_changed":false},"product_brand":[],"product_cat":[36,67],"product_tag":[],"class_list":{"0":"post-2320","1":"product","2":"type-product","3":"status-publish","4":"has-post-thumbnail","6":"product_cat-profile-models","7":"product_cat-skirting-profiles","9":"first","10":"instock","11":"shipping-taxable","12":"product-type-simple"},"acf":[],"_links":{"self":[{"href":"https:\/\/www.gizir.com\/de\/wp-json\/wp\/v2\/product\/2320","targetHints":{"allow":["GET"]}}],"collection":[{"href":"https:\/\/www.gizir.com\/de\/wp-json\/wp\/v2\/product"}],"about":[{"href":"https:\/\/www.gizir.com\/de\/wp-json\/wp\/v2\/types\/product"}],"replies":[{"embeddable":true,"href":"https:\/\/www.gizir.com\/de\/wp-json\/wp\/v2\/comments?post=2320"}],"wp:featuredmedia":[{"embeddable":true,"href":"https:\/\/www.gizir.com\/de\/wp-json\/wp\/v2\/media\/2321"}],"wp:attachment":[{"href":"https:\/\/www.gizir.com\/de\/wp-json\/wp\/v2\/media?parent=2320"}],"wp:term":[{"taxonomy":"product_brand","embeddable":true,"href":"https:\/\/www.gizir.com\/de\/wp-json\/wp\/v2\/product_brand?post=2320"},{"taxonomy":"product_cat","embeddable":true,"href":"https:\/\/www.gizir.com\/de\/wp-json\/wp\/v2\/product_cat?post=2320"},{"taxonomy":"product_tag","embeddable":true,"href":"https:\/\/www.gizir.com\/de\/wp-json\/wp\/v2\/product_tag?post=2320"}],"curies":[{"name":"wp","href":"https:\/\/api.w.org\/{rel}","templated":true}]}}