{"id":2033,"date":"2025-08-27T12:23:28","date_gmt":"2025-08-27T09:23:28","guid":{"rendered":"https:\/\/www.gizir.com\/?post_type=product&#038;p=2033"},"modified":"2025-09-05T09:45:47","modified_gmt":"2025-09-05T06:45:47","slug":"pt39-ecomatt-panel-color","status":"publish","type":"product","link":"https:\/\/www.gizir.com\/de\/product\/pt39-ecomatt-panel-color\/","title":{"rendered":"PT39 \u2013 ECOMATT-PANELFARBE"},"content":{"rendered":"<p>Ecomatt bietet mit seiner matten Oberfl\u00e4che und dem umweltfreundlichen Material nachhaltige Eleganz. Es ist die perfekte Wahl f\u00fcr alle, die stilvolle, langlebige und pflegeleichte L\u00f6sungen f\u00fcr moderne Innenr\u00e4ume suchen.<\/p>","protected":false},"excerpt":{"rendered":"<p>Ecomatt offers sustainable elegance with its matte finish and eco-friendly material. It\u2019s the perfect choice for those seeking stylish, durable, and easy-to-maintain [&hellip;]<\/p>","protected":false},"featured_media":2015,"comment_status":"open","ping_status":"closed","template":"","meta":{"_acf_changed":false},"product_brand":[],"product_cat":[15,64],"product_tag":[79],"class_list":{"0":"post-2033","1":"product","2":"type-product","3":"status-publish","4":"has-post-thumbnail","6":"product_cat-panel","7":"product_cat-ecomatt-panel","8":"product_tag-new","10":"first","11":"instock","12":"shipping-taxable","13":"product-type-simple"},"acf":[],"_links":{"self":[{"href":"https:\/\/www.gizir.com\/de\/wp-json\/wp\/v2\/product\/2033","targetHints":{"allow":["GET"]}}],"collection":[{"href":"https:\/\/www.gizir.com\/de\/wp-json\/wp\/v2\/product"}],"about":[{"href":"https:\/\/www.gizir.com\/de\/wp-json\/wp\/v2\/types\/product"}],"replies":[{"embeddable":true,"href":"https:\/\/www.gizir.com\/de\/wp-json\/wp\/v2\/comments?post=2033"}],"wp:featuredmedia":[{"embeddable":true,"href":"https:\/\/www.gizir.com\/de\/wp-json\/wp\/v2\/media\/2015"}],"wp:attachment":[{"href":"https:\/\/www.gizir.com\/de\/wp-json\/wp\/v2\/media?parent=2033"}],"wp:term":[{"taxonomy":"product_brand","embeddable":true,"href":"https:\/\/www.gizir.com\/de\/wp-json\/wp\/v2\/product_brand?post=2033"},{"taxonomy":"product_cat","embeddable":true,"href":"https:\/\/www.gizir.com\/de\/wp-json\/wp\/v2\/product_cat?post=2033"},{"taxonomy":"product_tag","embeddable":true,"href":"https:\/\/www.gizir.com\/de\/wp-json\/wp\/v2\/product_tag?post=2033"}],"curies":[{"name":"wp","href":"https:\/\/api.w.org\/{rel}","templated":true}]}}