{"id":1747,"date":"2025-08-20T17:30:11","date_gmt":"2025-08-20T14:30:11","guid":{"rendered":"https:\/\/www.gizir.com\/?post_type=product&#038;p=1747"},"modified":"2025-09-29T09:14:42","modified_gmt":"2025-09-29T06:14:42","slug":"wpl-01-wall-profile","status":"publish","type":"product","link":"https:\/\/www.gizir.com\/de\/product\/wpl-01-wall-profile\/","title":{"rendered":"WPL 01 \u2013 WANDPROFIL"},"content":{"rendered":"<p><strong>Warum sollten Sie sich f\u00fcr Gizir-Wandprofile entscheiden?<\/strong><\/p>\n<p>Gizir-Wandprofile werden unterschiedlichen \u00e4sthetischen Vorlieben gerecht und k\u00f6nnen in matten und supermatten Ausf\u00fchrungen hergestellt werden. Die individuelle Gestaltung kann durch das Aufbringen einer lackierbaren PP-Folie auf die Profiloberfl\u00e4che noch weiter optimiert werden, um die gew\u00fcnschte Farbe zu erzielen.<\/p>\n<p>Mit laserscharfer Pr\u00e4zision und unter Verwendung der weltweit modernsten Profilproduktionsmaschinen in den Gizir-Anlagen geformt, wird jedes Profil sorgf\u00e4ltig laminiert, um die Qualit\u00e4t und die Schaffung einzigartiger und unverwechselbarer Designs sicherzustellen.<\/p>\n<p>&nbsp;<\/p>\n<p><strong>*LED-Streifen k\u00f6nnen separat bestellt werden<\/strong><\/p>","protected":false},"excerpt":{"rendered":"<p>Warum sollten Sie sich f\u00fcr Gizir-Wandprofile entscheiden? Gizir-Wandprofile erf\u00fcllen eine Vielzahl \u00e4sthetischer Vorlieben und k\u00f6nnen in matten und [\u2026] hergestellt werden.<\/p>","protected":false},"featured_media":3659,"comment_status":"open","ping_status":"closed","template":"","meta":{"_acf_changed":false},"product_brand":[],"product_cat":[65],"product_tag":[],"class_list":{"0":"post-1747","1":"product","2":"type-product","3":"status-publish","4":"has-post-thumbnail","6":"product_cat-wall-profiles","8":"first","9":"instock","10":"shipping-taxable","11":"product-type-simple"},"acf":[],"_links":{"self":[{"href":"https:\/\/www.gizir.com\/de\/wp-json\/wp\/v2\/product\/1747","targetHints":{"allow":["GET"]}}],"collection":[{"href":"https:\/\/www.gizir.com\/de\/wp-json\/wp\/v2\/product"}],"about":[{"href":"https:\/\/www.gizir.com\/de\/wp-json\/wp\/v2\/types\/product"}],"replies":[{"embeddable":true,"href":"https:\/\/www.gizir.com\/de\/wp-json\/wp\/v2\/comments?post=1747"}],"wp:featuredmedia":[{"embeddable":true,"href":"https:\/\/www.gizir.com\/de\/wp-json\/wp\/v2\/media\/3659"}],"wp:attachment":[{"href":"https:\/\/www.gizir.com\/de\/wp-json\/wp\/v2\/media?parent=1747"}],"wp:term":[{"taxonomy":"product_brand","embeddable":true,"href":"https:\/\/www.gizir.com\/de\/wp-json\/wp\/v2\/product_brand?post=1747"},{"taxonomy":"product_cat","embeddable":true,"href":"https:\/\/www.gizir.com\/de\/wp-json\/wp\/v2\/product_cat?post=1747"},{"taxonomy":"product_tag","embeddable":true,"href":"https:\/\/www.gizir.com\/de\/wp-json\/wp\/v2\/product_tag?post=1747"}],"curies":[{"name":"wp","href":"https:\/\/api.w.org\/{rel}","templated":true}]}}