{"id":1696,"date":"2025-08-07T13:57:00","date_gmt":"2025-08-07T10:57:00","guid":{"rendered":"https:\/\/www.gizir.com\/?post_type=product&#038;p=1696"},"modified":"2026-01-12T10:52:22","modified_gmt":"2026-01-12T07:52:22","slug":"3d04-3d-panel-design","status":"publish","type":"product","link":"https:\/\/www.gizir.com\/de\/product\/3d04-3d-panel-design\/","title":{"rendered":"3D04 Horizon"},"content":{"rendered":"<div class=\"elementor-element elementor-element-e36dff2 e-flex e-con-boxed e-con e-parent e-lazyloaded\" data-id=\"e36dff2\" data-element_type=\"container\">\n<div class=\"e-con-inner\">\n<div class=\"elementor-element elementor-element-76b4e44 e-con-full e-flex e-con e-child\" data-id=\"76b4e44\" data-element_type=\"container\">\n<div class=\"elementor-element elementor-element-19d62a6 elementor-widget elementor-widget-text-editor\" data-id=\"19d62a6\" data-element_type=\"widget\" data-widget_type=\"text-editor.default\">\n<div class=\"elementor-widget-container\">\n<p><strong>Was ist ein 3D-Panel?<\/strong><\/p>\n<p>3D Panel ist Gizirs neueste innovative L\u00f6sung f\u00fcr hochwertige Innenm\u00f6bel. MDF wird zun\u00e4chst mit einem PVC laminiert<br \/>\nSchaumschicht. Anschlie\u00dfend wird schaumkaschiertes MDF mit der gew\u00fcnschten PVC- oder PP-Folie \u00fcberzogen. Als letzter Schritt erfolgt die Strukturpresse<br \/>\nwird auf die Oberfl\u00e4che des Panels aufgetragen, um den 3D-Effekt zu erzielen.<\/p>\n<p><strong>Wie werden die Seiten fertiggestellt?<\/strong><\/p>\n<p>Bei diesem Produkt werden statt der \u00fcblichen Kantenumleimer Aluminium- oder MDF-Kantenprofile in der gleichen Farbfolie verwendet<br \/>\nwerden durch Zuschneiden im 45\u00b0-Winkel verwendet. Alternativ k\u00f6nnen auch Aluminium-Kantenprofile im 90\u00b0-Winkel zugeschnitten und \u00fcber Eckkappen verbunden werden. Eine sauberere und elegantere<br \/>\nDie Optik kann mit beiden Alternativen erreicht werden. Kantenprofile und Eckkappen k\u00f6nnen mit transparentem PU-Montagekleber angebracht werden.<\/p>\n<\/div>\n<p>*Mindestbestellmenge 100 Paneele<\/p>\n<\/div>\n<\/div>\n<\/div>\n<\/div>","protected":false},"excerpt":{"rendered":"<p>Was ist 3D Panel? 3D Panel ist Gizirs neueste innovative L\u00f6sung f\u00fcr hochwertige Inneneinrichtung. MDF wird zun\u00e4chst mit PVC laminiert [\u2026]<\/p>","protected":false},"featured_media":1697,"comment_status":"open","ping_status":"closed","template":"","meta":{"_acf_changed":false},"product_brand":[],"product_cat":[50],"product_tag":[],"class_list":{"0":"post-1696","1":"product","2":"type-product","3":"status-publish","4":"has-post-thumbnail","6":"product_cat-3d-panel","8":"first","9":"instock","10":"shipping-taxable","11":"product-type-simple"},"acf":[],"_links":{"self":[{"href":"https:\/\/www.gizir.com\/de\/wp-json\/wp\/v2\/product\/1696","targetHints":{"allow":["GET"]}}],"collection":[{"href":"https:\/\/www.gizir.com\/de\/wp-json\/wp\/v2\/product"}],"about":[{"href":"https:\/\/www.gizir.com\/de\/wp-json\/wp\/v2\/types\/product"}],"replies":[{"embeddable":true,"href":"https:\/\/www.gizir.com\/de\/wp-json\/wp\/v2\/comments?post=1696"}],"wp:featuredmedia":[{"embeddable":true,"href":"https:\/\/www.gizir.com\/de\/wp-json\/wp\/v2\/media\/1697"}],"wp:attachment":[{"href":"https:\/\/www.gizir.com\/de\/wp-json\/wp\/v2\/media?parent=1696"}],"wp:term":[{"taxonomy":"product_brand","embeddable":true,"href":"https:\/\/www.gizir.com\/de\/wp-json\/wp\/v2\/product_brand?post=1696"},{"taxonomy":"product_cat","embeddable":true,"href":"https:\/\/www.gizir.com\/de\/wp-json\/wp\/v2\/product_cat?post=1696"},{"taxonomy":"product_tag","embeddable":true,"href":"https:\/\/www.gizir.com\/de\/wp-json\/wp\/v2\/product_tag?post=1696"}],"curies":[{"name":"wp","href":"https:\/\/api.w.org\/{rel}","templated":true}]}}