{"id":1158,"date":"2025-07-22T16:38:00","date_gmt":"2025-07-22T13:38:00","guid":{"rendered":"https:\/\/www.gizir.com\/?post_type=product&#038;p=1158"},"modified":"2026-01-12T10:44:18","modified_gmt":"2026-01-12T07:44:18","slug":"9513-polylac-panel","status":"publish","type":"product","link":"https:\/\/www.gizir.com\/de\/produkt\/9513-polylac-panel\/","title":{"rendered":"9513 Eiswei\u00df"},"content":{"rendered":"<p class=\"polylac-text\">Die wei\u00dfe Polylac-Platte 9513 mit ihrer ultrahellen Oberfl\u00e4che, die R\u00e4ume optisch vergr\u00f6\u00dfert und f\u00fcr ein hygienisches Ambiente sorgt, z\u00e4hlt zu den beliebtesten Farbt\u00f6nen in der modernen Inneneinrichtung. Dank ihrer hohen Lichtreflexion l\u00e4sst sie R\u00e4ume gr\u00f6\u00dfer und heller wirken. Ihr klares Erscheinungsbild, ihre Kratzfestigkeit und die hochwertige Oberfl\u00e4chenstruktur garantieren makellose Ergebnisse in K\u00fcchen, B\u00e4dern, B\u00fcros und allen anderen Bereichen der Inneneinrichtung. Sie ist die ideale Wahl f\u00fcr minimalistische, elegante und zeitlose Designs.<\/p>","protected":false},"excerpt":{"rendered":"<p>9513 White Polylac Panel, with its ultra-bright surface that enhances the perception of spaciousness and hygiene, is one of the most preferred tones in modern decoration. Thanks to its high light reflection properties, it makes spaces appear larger and brighter [&hellip;]<\/p>","protected":false},"featured_media":1280,"comment_status":"open","ping_status":"closed","template":"","meta":{"_acf_changed":false},"product_brand":[],"product_cat":[15,51],"product_tag":[],"class_list":{"0":"post-1158","1":"product","2":"type-product","3":"status-publish","4":"has-post-thumbnail","6":"product_cat-panel","7":"product_cat-polylac","9":"first","10":"instock","11":"shipping-taxable","12":"product-type-simple"},"acf":[],"_links":{"self":[{"href":"https:\/\/www.gizir.com\/de\/wp-json\/wp\/v2\/product\/1158","targetHints":{"allow":["GET"]}}],"collection":[{"href":"https:\/\/www.gizir.com\/de\/wp-json\/wp\/v2\/product"}],"about":[{"href":"https:\/\/www.gizir.com\/de\/wp-json\/wp\/v2\/types\/product"}],"replies":[{"embeddable":true,"href":"https:\/\/www.gizir.com\/de\/wp-json\/wp\/v2\/comments?post=1158"}],"wp:featuredmedia":[{"embeddable":true,"href":"https:\/\/www.gizir.com\/de\/wp-json\/wp\/v2\/media\/1280"}],"wp:attachment":[{"href":"https:\/\/www.gizir.com\/de\/wp-json\/wp\/v2\/media?parent=1158"}],"wp:term":[{"taxonomy":"product_brand","embeddable":true,"href":"https:\/\/www.gizir.com\/de\/wp-json\/wp\/v2\/product_brand?post=1158"},{"taxonomy":"product_cat","embeddable":true,"href":"https:\/\/www.gizir.com\/de\/wp-json\/wp\/v2\/product_cat?post=1158"},{"taxonomy":"product_tag","embeddable":true,"href":"https:\/\/www.gizir.com\/de\/wp-json\/wp\/v2\/product_tag?post=1158"}],"curies":[{"name":"wp","href":"https:\/\/api.w.org\/{rel}","templated":true}]}}