{"id":1137,"date":"2025-07-22T14:49:00","date_gmt":"2025-07-22T11:49:00","guid":{"rendered":"https:\/\/www.gizir.com\/?post_type=product&#038;p=1137"},"modified":"2026-01-12T10:48:28","modified_gmt":"2026-01-12T07:48:28","slug":"vm501-madera-panel","status":"publish","type":"product","link":"https:\/\/www.gizir.com\/de\/product\/vm501-madera-panel\/","title":{"rendered":"VM501 Amber Oak"},"content":{"rendered":"<p>Collecion de Madera von Gizir, eine exquisite Kollektion, die \u00c4sthetik und Langlebigkeit nahtlos vereint. Madera besteht aus 0,6 mm starkem, nat\u00fcrlichem europ\u00e4ischem Eichenfurnier, das fachm\u00e4nnisch auf eine MDF-Oberfl\u00e4che laminiert wurde, und besticht durch seine St\u00e4rke und Qualit\u00e4t. Mit einer Furnierst\u00e4rke von 0,6 mm kann Madera doppelseitig verwendet werden, was Flexibilit\u00e4t in Design und Anwendung bietet. Madera ist stolz auf die sorgf\u00e4ltige Kombination der Furnierbl\u00e4tter, die eine harmonische Verschmelzung von Farben und Mustern auf allen Oberfl\u00e4chen gew\u00e4hrleistet. Dieses nat\u00fcrliche europ\u00e4ische Eichenfurnier besticht durch seine hohe Kratz- und UV-Best\u00e4ndigkeit und besticht nicht nur durch seine zeitlose Sch\u00f6nheit, sondern garantiert auch Langlebigkeit und Widerstandsf\u00e4higkeit in verschiedenen Umgebungen. Werten Sie Ihre R\u00e4ume mit Madera auf \u2013 hier trifft Handwerkskunst auf Langlebigkeit in einer Symphonie nat\u00fcrlicher Eleganz.<\/p>","protected":false},"excerpt":{"rendered":"<p>Collecion de Madera by Gizir, an exquisite collection which seamlessly blends aesthetics with durability. Comprising a 0.6mm Natural European Oak Veneer expertly [&hellip;]<\/p>","protected":false},"featured_media":1138,"comment_status":"open","ping_status":"closed","template":"","meta":{"_acf_changed":false},"product_brand":[],"product_cat":[15,49],"product_tag":[],"class_list":{"0":"post-1137","1":"product","2":"type-product","3":"status-publish","4":"has-post-thumbnail","6":"product_cat-panel","7":"product_cat-madera","9":"first","10":"instock","11":"shipping-taxable","12":"product-type-simple"},"acf":[],"_links":{"self":[{"href":"https:\/\/www.gizir.com\/de\/wp-json\/wp\/v2\/product\/1137","targetHints":{"allow":["GET"]}}],"collection":[{"href":"https:\/\/www.gizir.com\/de\/wp-json\/wp\/v2\/product"}],"about":[{"href":"https:\/\/www.gizir.com\/de\/wp-json\/wp\/v2\/types\/product"}],"replies":[{"embeddable":true,"href":"https:\/\/www.gizir.com\/de\/wp-json\/wp\/v2\/comments?post=1137"}],"wp:featuredmedia":[{"embeddable":true,"href":"https:\/\/www.gizir.com\/de\/wp-json\/wp\/v2\/media\/1138"}],"wp:attachment":[{"href":"https:\/\/www.gizir.com\/de\/wp-json\/wp\/v2\/media?parent=1137"}],"wp:term":[{"taxonomy":"product_brand","embeddable":true,"href":"https:\/\/www.gizir.com\/de\/wp-json\/wp\/v2\/product_brand?post=1137"},{"taxonomy":"product_cat","embeddable":true,"href":"https:\/\/www.gizir.com\/de\/wp-json\/wp\/v2\/product_cat?post=1137"},{"taxonomy":"product_tag","embeddable":true,"href":"https:\/\/www.gizir.com\/de\/wp-json\/wp\/v2\/product_tag?post=1137"}],"curies":[{"name":"wp","href":"https:\/\/api.w.org\/{rel}","templated":true}]}}